{"id":8414,"date":"2021-02-18T02:41:23","date_gmt":"2021-02-18T01:41:23","guid":{"rendered":"https:\/\/www.wavefunctionvr.com\/html\/wordpress\/?page_id=8414"},"modified":"2021-10-13T14:31:09","modified_gmt":"2021-10-13T13:31:09","slug":"educational-book-with-augmented-reality","status":"publish","type":"page","link":"https:\/\/www.wavefunctionvr.com\/pt\/portfolio\/educational-book-with-augmented-reality\/","title":{"rendered":"Livro educativo com realidade aumentada"},"content":{"rendered":"<div data-elementor-type=\"wp-page\" data-elementor-id=\"8414\" class=\"elementor elementor-8414\" data-elementor-post-type=\"page\">\n\t\t\t\t\t\t<section class=\"elementor-section elementor-top-section elementor-element elementor-element-7fd22226 elementor-section-full_width elementor-section-height-min-height elementor-section-content-bottom elementor-section-height-default elementor-section-items-middle\" data-id=\"7fd22226\" data-element_type=\"section\" data-e-type=\"section\" data-settings=\"{&quot;background_background&quot;:&quot;classic&quot;}\">\n\t\t\t\t\t\t\t<div class=\"elementor-background-overlay\"><\/div>\n\t\t\t\t\t\t\t<div class=\"elementor-container elementor-column-gap-default\">\n\t\t\t\t\t<div class=\"elementor-column elementor-col-100 elementor-top-column elementor-element elementor-element-5be544ff\" data-id=\"5be544ff\" data-element_type=\"column\" data-e-type=\"column\">\n\t\t\t<div class=\"elementor-widget-wrap\">\n\t\t\t\t\t\t\t<\/div>\n\t\t<\/div>\n\t\t\t\t\t<\/div>\n\t\t<\/section>\n\t\t\t\t<section class=\"elementor-section elementor-top-section elementor-element elementor-element-7de0144c elementor-section-boxed elementor-section-height-default elementor-section-height-default\" data-id=\"7de0144c\" data-element_type=\"section\" data-e-type=\"section\" data-settings=\"{&quot;background_background&quot;:&quot;classic&quot;,&quot;shape_divider_top&quot;:&quot;opacity-fan&quot;}\">\n\t\t\t\t\t<div class=\"elementor-shape elementor-shape-top\" aria-hidden=\"true\" data-negative=\"false\">\n\t\t\t<svg xmlns=\"http:\/\/www.w3.org\/2000\/svg\" viewbox=\"0 0 283.5 19.6\" preserveaspectratio=\"none\">\n\t<path class=\"elementor-shape-fill\" style=\"opacity:0.33\" d=\"M0 0L0 18.8 141.8 4.1 283.5 18.8 283.5 0z\"\/>\n\t<path class=\"elementor-shape-fill\" style=\"opacity:0.33\" d=\"M0 0L0 12.6 141.8 4 283.5 12.6 283.5 0z\"\/>\n\t<path class=\"elementor-shape-fill\" style=\"opacity:0.33\" d=\"M0 0L0 6.4 141.8 4 283.5 6.4 283.5 0z\"\/>\n\t<path class=\"elementor-shape-fill\" d=\"M0 0L0 1.2 141.8 4 283.5 1.2 283.5 0z\"\/>\n<\/svg>\t\t<\/div>\n\t\t\t\t\t<div class=\"elementor-container elementor-column-gap-default\">\n\t\t\t\t\t<div class=\"elementor-column elementor-col-100 elementor-top-column elementor-element elementor-element-7d606ac7\" data-id=\"7d606ac7\" data-element_type=\"column\" data-e-type=\"column\">\n\t\t\t<div class=\"elementor-widget-wrap elementor-element-populated\">\n\t\t\t\t\t\t<div class=\"elementor-element elementor-element-1d88c6cf elementor-widget elementor-widget-spacer\" data-id=\"1d88c6cf\" data-element_type=\"widget\" data-e-type=\"widget\" data-widget_type=\"spacer.default\">\n\t\t\t\t<div class=\"elementor-widget-container\">\n\t\t\t\t\t\t\t<div class=\"elementor-spacer\">\n\t\t\t<div class=\"elementor-spacer-inner\"><\/div>\n\t\t<\/div>\n\t\t\t\t\t\t<\/div>\n\t\t\t\t<\/div>\n\t\t\t\t<div class=\"elementor-element elementor-element-4cffc897 elementor-widget elementor-widget-global elementor-global-6969 elementor-widget-breadcrumbs\" data-id=\"4cffc897\" data-element_type=\"widget\" data-e-type=\"widget\" data-widget_type=\"breadcrumbs.default\">\n\t\t\t\t<div class=\"elementor-widget-container\">\n\t\t\t\t\t<p id=\"breadcrumbs\"><span><span><a href=\"https:\/\/www.wavefunctionvr.com\/pt\/\">In\u00edcio<\/a><\/span><\/span><\/p>\t\t\t\t<\/div>\n\t\t\t\t<\/div>\n\t\t\t\t<div class=\"elementor-element elementor-element-39e3f851 elementor-widget elementor-widget-spacer\" data-id=\"39e3f851\" data-element_type=\"widget\" data-e-type=\"widget\" data-widget_type=\"spacer.default\">\n\t\t\t\t<div class=\"elementor-widget-container\">\n\t\t\t\t\t\t\t<div class=\"elementor-spacer\">\n\t\t\t<div class=\"elementor-spacer-inner\"><\/div>\n\t\t<\/div>\n\t\t\t\t\t\t<\/div>\n\t\t\t\t<\/div>\n\t\t\t\t<section class=\"elementor-section elementor-inner-section elementor-element elementor-element-91f32e0 elementor-section-boxed elementor-section-height-default elementor-section-height-default\" data-id=\"91f32e0\" data-element_type=\"section\" data-e-type=\"section\">\n\t\t\t\t\t\t<div class=\"elementor-container elementor-column-gap-wide\">\n\t\t\t\t\t<div class=\"elementor-column elementor-col-50 elementor-inner-column elementor-element elementor-element-9bd6bde\" data-id=\"9bd6bde\" data-element_type=\"column\" data-e-type=\"column\">\n\t\t\t<div class=\"elementor-widget-wrap elementor-element-populated\">\n\t\t\t\t\t\t<div class=\"elementor-element elementor-element-4ba5b25 elementor-widget elementor-widget-text-editor\" data-id=\"4ba5b25\" data-element_type=\"widget\" data-e-type=\"widget\" data-widget_type=\"text-editor.default\">\n\t\t\t\t<div class=\"elementor-widget-container\">\n\t\t\t\t\t\t\t\t\t<h2>Livros com vida<\/h2><p>Uma imagem pode valer mais que mil palavras, mas ainda \u00e9 uma representa\u00e7\u00e3o bidimensional e est\u00e1tica. A realidade aumentada permite que o conte\u00fado de um livro ou revista se expanda para a terceira dimens\u00e3o e suporta texturas, efeitos e anima\u00e7\u00f5es.<\/p>\t\t\t\t\t\t\t\t<\/div>\n\t\t\t\t<\/div>\n\t\t\t\t\t<\/div>\n\t\t<\/div>\n\t\t\t\t<div class=\"elementor-column elementor-col-50 elementor-inner-column elementor-element elementor-element-d1302fb\" data-id=\"d1302fb\" data-element_type=\"column\" data-e-type=\"column\">\n\t\t\t<div class=\"elementor-widget-wrap elementor-element-populated\">\n\t\t\t\t\t\t<div class=\"elementor-element elementor-element-3f3015ce elementor-widget elementor-widget-video\" data-id=\"3f3015ce\" data-element_type=\"widget\" data-e-type=\"widget\" data-settings=\"{&quot;youtube_url&quot;:&quot;https:\\\/\\\/www.youtube.com\\\/watch?v=0bnhr-pvM7o&quot;,&quot;mute&quot;:&quot;yes&quot;,&quot;autoplay&quot;:&quot;yes&quot;,&quot;loop&quot;:&quot;yes&quot;,&quot;play_on_mobile&quot;:&quot;yes&quot;,&quot;video_type&quot;:&quot;youtube&quot;,&quot;controls&quot;:&quot;yes&quot;}\" data-widget_type=\"video.default\">\n\t\t\t\t<div class=\"elementor-widget-container\">\n\t\t\t\t\t\t\t<div class=\"elementor-wrapper elementor-open-inline\">\n\t\t\t<div class=\"elementor-video\"><\/div>\t\t<\/div>\n\t\t\t\t\t\t<\/div>\n\t\t\t\t<\/div>\n\t\t\t\t\t<\/div>\n\t\t<\/div>\n\t\t\t\t\t<\/div>\n\t\t<\/section>\n\t\t\t\t<div class=\"elementor-element elementor-element-23fdfe9c elementor-widget elementor-widget-spacer\" data-id=\"23fdfe9c\" data-element_type=\"widget\" data-e-type=\"widget\" data-widget_type=\"spacer.default\">\n\t\t\t\t<div class=\"elementor-widget-container\">\n\t\t\t\t\t\t\t<div class=\"elementor-spacer\">\n\t\t\t<div class=\"elementor-spacer-inner\"><\/div>\n\t\t<\/div>\n\t\t\t\t\t\t<\/div>\n\t\t\t\t<\/div>\n\t\t\t\t<section class=\"elementor-section elementor-inner-section elementor-element elementor-element-11b30b19 elementor-section-boxed elementor-section-height-default elementor-section-height-default\" data-id=\"11b30b19\" data-element_type=\"section\" data-e-type=\"section\">\n\t\t\t\t\t\t<div class=\"elementor-container elementor-column-gap-default\">\n\t\t\t\t\t<div class=\"elementor-column elementor-col-100 elementor-inner-column elementor-element elementor-element-cb94083\" data-id=\"cb94083\" data-element_type=\"column\" data-e-type=\"column\">\n\t\t\t<div class=\"elementor-widget-wrap elementor-element-populated\">\n\t\t\t\t\t\t<div class=\"elementor-element elementor-element-662fb1f6 elementor-widget elementor-widget-gallery\" data-id=\"662fb1f6\" data-element_type=\"widget\" data-e-type=\"widget\" data-settings=\"{&quot;columns&quot;:3,&quot;gallery_layout&quot;:&quot;grid&quot;,&quot;columns_tablet&quot;:2,&quot;columns_mobile&quot;:1,&quot;gap&quot;:{&quot;unit&quot;:&quot;px&quot;,&quot;size&quot;:10,&quot;sizes&quot;:[]},&quot;gap_tablet&quot;:{&quot;unit&quot;:&quot;px&quot;,&quot;size&quot;:10,&quot;sizes&quot;:[]},&quot;gap_mobile&quot;:{&quot;unit&quot;:&quot;px&quot;,&quot;size&quot;:10,&quot;sizes&quot;:[]},&quot;link_to&quot;:&quot;file&quot;,&quot;aspect_ratio&quot;:&quot;3:2&quot;,&quot;overlay_background&quot;:&quot;yes&quot;,&quot;content_hover_animation&quot;:&quot;fade-in&quot;}\" data-widget_type=\"gallery.default\">\n\t\t\t\t<div class=\"elementor-widget-container\">\n\t\t\t\t\t\t\t<div class=\"elementor-gallery__container\">\n\t\t\t\t\t\t\t<a class=\"e-gallery-item elementor-gallery-item elementor-animated-content\" href=\"https:\/\/mlmf3ktkcsex.i.optimole.com\/w:auto\/h:auto\/q:mauto\/f:best\/ig:avif\/https:\/\/www.wavefunctionvr.com\/wp-content\/uploads\/2020\/08\/ARSolarSystem.png\" data-elementor-open-lightbox=\"yes\" data-elementor-lightbox-slideshow=\"662fb1f6\" data-elementor-lightbox-title=\"ARSolarSystem\" data-e-action-hash=\"#elementor-action%3Aaction%3Dlightbox%26settings%3DeyJpZCI6MzQ3MSwidXJsIjoiaHR0cHM6XC9cL3d3dy53YXZlZnVuY3Rpb252ci5jb21cL3dwLWNvbnRlbnRcL3VwbG9hZHNcLzIwMjBcLzA4XC9BUlNvbGFyU3lzdGVtLnBuZyIsInNsaWRlc2hvdyI6IjY2MmZiMWY2In0%3D\">\n\t\t\t\t\t<div class=\"e-gallery-image elementor-gallery-item__image\" data-thumbnail=\"https:\/\/mlmf3ktkcsex.i.optimole.com\/w:auto\/h:auto\/q:mauto\/f:best\/ig:avif\/https:\/\/www.wavefunctionvr.com\/wp-content\/uploads\/2020\/08\/ARSolarSystem.png\" data-width=\"1024\" data-height=\"505\" aria-label=\"\" role=\"img\" ><\/div>\n\t\t\t\t\t\t\t\t\t\t\t<div class=\"elementor-gallery-item__overlay\"><\/div>\n\t\t\t\t\t\t\t\t\t\t\t\t\t\t<\/a>\n\t\t\t\t\t\t\t<a class=\"e-gallery-item elementor-gallery-item elementor-animated-content\" href=\"https:\/\/mlmf3ktkcsex.i.optimole.com\/w:auto\/h:auto\/q:mauto\/f:best\/ig:avif\/https:\/\/www.wavefunctionvr.com\/wp-content\/uploads\/2020\/08\/ARElements.png\" data-elementor-open-lightbox=\"yes\" data-elementor-lightbox-slideshow=\"662fb1f6\" data-elementor-lightbox-title=\"ARElements\" data-e-action-hash=\"#elementor-action%3Aaction%3Dlightbox%26settings%3DeyJpZCI6MzQ3MCwidXJsIjoiaHR0cHM6XC9cL3d3dy53YXZlZnVuY3Rpb252ci5jb21cL3dwLWNvbnRlbnRcL3VwbG9hZHNcLzIwMjBcLzA4XC9BUkVsZW1lbnRzLnBuZyIsInNsaWRlc2hvdyI6IjY2MmZiMWY2In0%3D\">\n\t\t\t\t\t<div class=\"e-gallery-image elementor-gallery-item__image\" data-thumbnail=\"https:\/\/mlmf3ktkcsex.i.optimole.com\/w:auto\/h:auto\/q:mauto\/f:best\/ig:avif\/https:\/\/www.wavefunctionvr.com\/wp-content\/uploads\/2020\/08\/ARElements.png\" data-width=\"1024\" data-height=\"505\" aria-label=\"\" role=\"img\" ><\/div>\n\t\t\t\t\t\t\t\t\t\t\t<div class=\"elementor-gallery-item__overlay\"><\/div>\n\t\t\t\t\t\t\t\t\t\t\t\t\t\t<\/a>\n\t\t\t\t\t\t\t<a class=\"e-gallery-item elementor-gallery-item elementor-animated-content\" href=\"https:\/\/mlmf3ktkcsex.i.optimole.com\/w:auto\/h:auto\/q:mauto\/f:best\/ig:avif\/https:\/\/www.wavefunctionvr.com\/wp-content\/uploads\/2020\/08\/4-5.png\" data-elementor-open-lightbox=\"yes\" data-elementor-lightbox-slideshow=\"662fb1f6\" data-elementor-lightbox-title=\"4\" data-e-action-hash=\"#elementor-action%3Aaction%3Dlightbox%26settings%3DeyJpZCI6MzQ2OSwidXJsIjoiaHR0cHM6XC9cL3d3dy53YXZlZnVuY3Rpb252ci5jb21cL3dwLWNvbnRlbnRcL3VwbG9hZHNcLzIwMjBcLzA4XC80LTUucG5nIiwic2xpZGVzaG93IjoiNjYyZmIxZjYifQ%3D%3D\">\n\t\t\t\t\t<div class=\"e-gallery-image elementor-gallery-item__image\" data-thumbnail=\"https:\/\/mlmf3ktkcsex.i.optimole.com\/w:auto\/h:auto\/q:mauto\/f:best\/ig:avif\/https:\/\/www.wavefunctionvr.com\/wp-content\/uploads\/2020\/08\/4-5.png\" data-width=\"1792\" data-height=\"869\" aria-label=\"\" role=\"img\" ><\/div>\n\t\t\t\t\t\t\t\t\t\t\t<div class=\"elementor-gallery-item__overlay\"><\/div>\n\t\t\t\t\t\t\t\t\t\t\t\t\t\t<\/a>\n\t\t\t\t\t<\/div>\n\t\t\t\t\t<\/div>\n\t\t\t\t<\/div>\n\t\t\t\t\t<\/div>\n\t\t<\/div>\n\t\t\t\t\t<\/div>\n\t\t<\/section>\n\t\t\t\t<div class=\"elementor-element elementor-element-afea27a elementor-widget elementor-widget-spacer\" data-id=\"afea27a\" data-element_type=\"widget\" data-e-type=\"widget\" data-widget_type=\"spacer.default\">\n\t\t\t\t<div class=\"elementor-widget-container\">\n\t\t\t\t\t\t\t<div class=\"elementor-spacer\">\n\t\t\t<div class=\"elementor-spacer-inner\"><\/div>\n\t\t<\/div>\n\t\t\t\t\t\t<\/div>\n\t\t\t\t<\/div>\n\t\t\t\t<div class=\"elementor-element elementor-element-1da606e elementor-widget elementor-widget-text-editor\" data-id=\"1da606e\" data-element_type=\"widget\" data-e-type=\"widget\" data-widget_type=\"text-editor.default\">\n\t\t\t\t<div class=\"elementor-widget-container\">\n\t\t\t\t\t\t\t\t\t<h3>Plataformas e Tecnologias:<\/h3><ul><li>Motor de jogo: Unity + Vuforia<\/li><li>Plataformas suportadas: Android, iOS<\/li><\/ul>\t\t\t\t\t\t\t\t<\/div>\n\t\t\t\t<\/div>\n\t\t\t\t<div class=\"elementor-element elementor-element-f522c73 elementor-widget elementor-widget-spacer\" data-id=\"f522c73\" data-element_type=\"widget\" data-e-type=\"widget\" data-widget_type=\"spacer.default\">\n\t\t\t\t<div class=\"elementor-widget-container\">\n\t\t\t\t\t\t\t<div class=\"elementor-spacer\">\n\t\t\t<div class=\"elementor-spacer-inner\"><\/div>\n\t\t<\/div>\n\t\t\t\t\t\t<\/div>\n\t\t\t\t<\/div>\n\t\t\t\t\t<\/div>\n\t\t<\/div>\n\t\t\t\t\t<\/div>\n\t\t<\/section>\n\t\t\t\t<\/div>","protected":false},"excerpt":{"rendered":"<p>Livros com vida Uma imagem pode valer mais que mil palavras, mas ainda \u00e9 uma representa\u00e7\u00e3o est\u00e1tica, bidimensional. A realidade aumentada permite que o conte\u00fado de um livro ou revista seja estendido para a terceira dimens\u00e3o e suporta texturas, efeitos e anima\u00e7\u00f5es. Plataformas e tecnologias: Motor de jogo: Unity + Vuforia Plataformas suportadas: Android, iOS<\/p>","protected":false},"author":1,"featured_media":3471,"parent":8176,"menu_order":46,"comment_status":"closed","ping_status":"closed","template":"","meta":{"footnotes":""},"class_list":["post-8414","page","type-page","status-publish","has-post-thumbnail","hentry"],"yoast_head":"<!-- This site is optimized with the Yoast SEO plugin v27.4 - https:\/\/yoast.com\/product\/yoast-seo-wordpress\/ -->\n<title>Educational Book with Augmented Reality<\/title>\n<meta name=\"description\" content=\"Augmented reality brings objects and concepts out of the pages and into the 3D world. Get in touch and add AR to your books.\" \/>\n<meta name=\"robots\" content=\"index, follow, max-snippet:-1, max-image-preview:large, max-video-preview:-1\" \/>\n<link rel=\"canonical\" href=\"https:\/\/www.wavefunctionvr.com\/pt\/portfolio\/educational-book-with-augmented-reality\/\" \/>\n<meta property=\"og:locale\" content=\"pt_PT\" \/>\n<meta property=\"og:type\" content=\"article\" \/>\n<meta property=\"og:title\" content=\"Educational Book with Augmented Reality\" \/>\n<meta property=\"og:description\" content=\"Augmented reality brings objects and concepts out of the pages and into the 3D world. Get in touch and add AR to your books.\" \/>\n<meta property=\"og:url\" content=\"https:\/\/www.wavefunctionvr.com\/pt\/portfolio\/educational-book-with-augmented-reality\/\" \/>\n<meta property=\"og:site_name\" content=\"WaveFunction VR\" \/>\n<meta property=\"article:publisher\" content=\"https:\/\/www.facebook.com\/wavefunction.pt\/\" \/>\n<meta property=\"article:modified_time\" content=\"2021-10-13T13:31:09+00:00\" \/>\n<meta property=\"og:image\" content=\"https:\/\/mlmf3ktkcsex.i.optimole.com\/w:auto\/h:auto\/q:mauto\/f:best\/ig:avif\/https:\/\/www.wavefunctionvr.com\/wp-content\/uploads\/2020\/08\/ARSolarSystem.png\" \/>\n\t<meta property=\"og:image:width\" content=\"1024\" \/>\n\t<meta property=\"og:image:height\" content=\"505\" \/>\n\t<meta property=\"og:image:type\" content=\"image\/png\" \/>\n<meta name=\"twitter:card\" content=\"summary_large_image\" \/>\n<meta name=\"twitter:site\" content=\"@wavefunctionvr\" \/>\n<meta name=\"twitter:label1\" content=\"Tempo estimado de leitura\" \/>\n\t<meta name=\"twitter:data1\" content=\"1 minuto\" \/>\n<script type=\"application\/ld+json\" class=\"yoast-schema-graph\">{\"@context\":\"https:\\\/\\\/schema.org\",\"@graph\":[{\"@type\":\"WebPage\",\"@id\":\"https:\\\/\\\/www.wavefunctionvr.com\\\/portfolio\\\/educational-book-with-augmented-reality\\\/\",\"url\":\"https:\\\/\\\/www.wavefunctionvr.com\\\/portfolio\\\/educational-book-with-augmented-reality\\\/\",\"name\":\"Educational Book with Augmented Reality\",\"isPartOf\":{\"@id\":\"https:\\\/\\\/www.wavefunctionvr.com\\\/#website\"},\"primaryImageOfPage\":{\"@id\":\"https:\\\/\\\/www.wavefunctionvr.com\\\/portfolio\\\/educational-book-with-augmented-reality\\\/#primaryimage\"},\"image\":{\"@id\":\"https:\\\/\\\/www.wavefunctionvr.com\\\/portfolio\\\/educational-book-with-augmented-reality\\\/#primaryimage\"},\"thumbnailUrl\":\"https:\\/\\/www.wavefunctionvr.com\\/wp-content\\/uploads\\/2020\\/08\\/ARSolarSystem.png\",\"datePublished\":\"2021-02-18T01:41:23+00:00\",\"dateModified\":\"2021-10-13T13:31:09+00:00\",\"description\":\"Augmented reality brings objects and concepts out of the pages and into the 3D world. Get in touch and add AR to your books.\",\"breadcrumb\":{\"@id\":\"https:\\\/\\\/www.wavefunctionvr.com\\\/portfolio\\\/educational-book-with-augmented-reality\\\/#breadcrumb\"},\"inLanguage\":\"pt-PT\",\"potentialAction\":[{\"@type\":\"ReadAction\",\"target\":[\"https:\\\/\\\/www.wavefunctionvr.com\\\/portfolio\\\/educational-book-with-augmented-reality\\\/\"]}]},{\"@type\":\"ImageObject\",\"inLanguage\":\"pt-PT\",\"@id\":\"https:\\\/\\\/www.wavefunctionvr.com\\\/portfolio\\\/educational-book-with-augmented-reality\\\/#primaryimage\",\"url\":\"https:\\/\\/www.wavefunctionvr.com\\/wp-content\\/uploads\\/2020\\/08\\/ARSolarSystem.png\",\"contentUrl\":\"https:\\/\\/www.wavefunctionvr.com\\/wp-content\\/uploads\\/2020\\/08\\/ARSolarSystem.png\",\"width\":1024,\"height\":505},{\"@type\":\"BreadcrumbList\",\"@id\":\"https:\\\/\\\/www.wavefunctionvr.com\\\/portfolio\\\/educational-book-with-augmented-reality\\\/#breadcrumb\",\"itemListElement\":[{\"@type\":\"ListItem\",\"position\":1,\"name\":\"Home\",\"item\":\"https:\\\/\\\/www.wavefunctionvr.com\\\/\"},{\"@type\":\"ListItem\",\"position\":2,\"name\":\"Portfolio\",\"item\":\"https:\\\/\\\/www.wavefunctionvr.com\\\/portfolio\\\/\"},{\"@type\":\"ListItem\",\"position\":3,\"name\":\"Educational book with augmented reality\"}]},{\"@type\":\"WebSite\",\"@id\":\"https:\\\/\\\/www.wavefunctionvr.com\\\/#website\",\"url\":\"https:\\\/\\\/www.wavefunctionvr.com\\\/\",\"name\":\"WaveFunction VR\",\"description\":\"Interactive multiplayer Virtual Reality, immersive content - we create immersive experiences\",\"publisher\":{\"@id\":\"https:\\\/\\\/www.wavefunctionvr.com\\\/#organization\"},\"potentialAction\":[{\"@type\":\"SearchAction\",\"target\":{\"@type\":\"EntryPoint\",\"urlTemplate\":\"https:\\\/\\\/www.wavefunctionvr.com\\\/?s={search_term_string}\"},\"query-input\":{\"@type\":\"PropertyValueSpecification\",\"valueRequired\":true,\"valueName\":\"search_term_string\"}}],\"inLanguage\":\"pt-PT\"},{\"@type\":\"Organization\",\"@id\":\"https:\\\/\\\/www.wavefunctionvr.com\\\/#organization\",\"name\":\"WaveFunction, Lda\",\"url\":\"https:\\\/\\\/www.wavefunctionvr.com\\\/\",\"logo\":{\"@type\":\"ImageObject\",\"inLanguage\":\"pt-PT\",\"@id\":\"https:\\\/\\\/www.wavefunctionvr.com\\\/#\\\/schema\\\/logo\\\/image\\\/\",\"url\":\"https:\\/\\/www.wavefunctionvr.com\\/wp-content\\/uploads\\/2020\\/07\\/FundoTransparenteLogoEscuro.png\",\"contentUrl\":\"https:\\/\\/www.wavefunctionvr.com\\/wp-content\\/uploads\\/2020\\/07\\/FundoTransparenteLogoEscuro.png\",\"width\":2048,\"height\":2048,\"caption\":\"WaveFunction, Lda\"},\"image\":{\"@id\":\"https:\\\/\\\/www.wavefunctionvr.com\\\/#\\\/schema\\\/logo\\\/image\\\/\"},\"sameAs\":[\"https:\\\/\\\/www.facebook.com\\\/wavefunction.pt\\\/\",\"https:\\\/\\\/x.com\\\/wavefunctionvr\",\"https:\\\/\\\/www.instagram.com\\\/wavefunctionvr\\\/\",\"https:\\\/\\\/www.linkedin.com\\\/company\\\/wavefunction-vr\",\"https:\\\/\\\/www.youtube.com\\\/channel\\\/UCYUfCcKJq-L9_1IRtiVX6Ig\"]}]}<\/script>\n<!-- \/ Yoast SEO plugin. -->","yoast_head_json":{"title":"Livro Educativo com Realidade Aumentada","description":"A realidade aumentada transporta objetos e conceitos das p\u00e1ginas para o mundo 3D. Entre em contato e adicione RA aos seus livros.","robots":{"index":"index","follow":"follow","max-snippet":"max-snippet:-1","max-image-preview":"max-image-preview:large","max-video-preview":"max-video-preview:-1"},"canonical":"https:\/\/www.wavefunctionvr.com\/pt\/portfolio\/educational-book-with-augmented-reality\/","og_locale":"pt_PT","og_type":"article","og_title":"Educational Book with Augmented Reality","og_description":"Augmented reality brings objects and concepts out of the pages and into the 3D world. Get in touch and add AR to your books.","og_url":"https:\/\/www.wavefunctionvr.com\/pt\/portfolio\/educational-book-with-augmented-reality\/","og_site_name":"WaveFunction VR","article_publisher":"https:\/\/www.facebook.com\/wavefunction.pt\/","article_modified_time":"2021-10-13T13:31:09+00:00","og_image":[{"width":1024,"height":505,"url":"https:\/\/mlmf3ktkcsex.i.optimole.com\/w:auto\/h:auto\/q:mauto\/f:best\/ig:avif\/https:\/\/www.wavefunctionvr.com\/wp-content\/uploads\/2020\/08\/ARSolarSystem.png","type":"image\/png"}],"twitter_card":"summary_large_image","twitter_site":"@wavefunctionvr","twitter_misc":{"Tempo estimado de leitura":"1 minuto"},"schema":{"@context":"https:\/\/schema.org","@graph":[{"@type":"WebPage","@id":"https:\/\/www.wavefunctionvr.com\/portfolio\/educational-book-with-augmented-reality\/","url":"https:\/\/www.wavefunctionvr.com\/portfolio\/educational-book-with-augmented-reality\/","name":"Livro Educativo com Realidade Aumentada","isPartOf":{"@id":"https:\/\/www.wavefunctionvr.com\/#website"},"primaryImageOfPage":{"@id":"https:\/\/www.wavefunctionvr.com\/portfolio\/educational-book-with-augmented-reality\/#primaryimage"},"image":{"@id":"https:\/\/www.wavefunctionvr.com\/portfolio\/educational-book-with-augmented-reality\/#primaryimage"},"thumbnailUrl":"https:\/\/mlmf3ktkcsex.i.optimole.com\/w:auto\/h:auto\/q:mauto\/f:best\/ig:avif\/https:\/\/www.wavefunctionvr.com\/wp-content\/uploads\/2020\/08\/ARSolarSystem.png","datePublished":"2021-02-18T01:41:23+00:00","dateModified":"2021-10-13T13:31:09+00:00","description":"A realidade aumentada transporta objetos e conceitos das p\u00e1ginas para o mundo 3D. Entre em contato e adicione RA aos seus livros.","breadcrumb":{"@id":"https:\/\/www.wavefunctionvr.com\/portfolio\/educational-book-with-augmented-reality\/#breadcrumb"},"inLanguage":"pt-PT","potentialAction":[{"@type":"ReadAction","target":["https:\/\/www.wavefunctionvr.com\/portfolio\/educational-book-with-augmented-reality\/"]}]},{"@type":"ImageObject","inLanguage":"pt-PT","@id":"https:\/\/www.wavefunctionvr.com\/portfolio\/educational-book-with-augmented-reality\/#primaryimage","url":"https:\/\/mlmf3ktkcsex.i.optimole.com\/w:auto\/h:auto\/q:mauto\/f:best\/ig:avif\/https:\/\/www.wavefunctionvr.com\/wp-content\/uploads\/2020\/08\/ARSolarSystem.png","contentUrl":"https:\/\/mlmf3ktkcsex.i.optimole.com\/w:auto\/h:auto\/q:mauto\/f:best\/ig:avif\/https:\/\/www.wavefunctionvr.com\/wp-content\/uploads\/2020\/08\/ARSolarSystem.png","width":1024,"height":505},{"@type":"BreadcrumbList","@id":"https:\/\/www.wavefunctionvr.com\/portfolio\/educational-book-with-augmented-reality\/#breadcrumb","itemListElement":[{"@type":"ListItem","position":1,"name":"Home","item":"https:\/\/www.wavefunctionvr.com\/"},{"@type":"ListItem","position":2,"name":"Portfolio","item":"https:\/\/www.wavefunctionvr.com\/portfolio\/"},{"@type":"ListItem","position":3,"name":"Educational book with augmented reality"}]},{"@type":"WebSite","@id":"https:\/\/www.wavefunctionvr.com\/#website","url":"https:\/\/www.wavefunctionvr.com\/","name":"WaveFunction VR","description":"Realidade Virtual interativa multijogador, conte\u00fado imersivo - criamos experi\u00eancias imersivas","publisher":{"@id":"https:\/\/www.wavefunctionvr.com\/#organization"},"potentialAction":[{"@type":"SearchAction","target":{"@type":"EntryPoint","urlTemplate":"https:\/\/www.wavefunctionvr.com\/?s={search_term_string}"},"query-input":{"@type":"PropertyValueSpecification","valueRequired":true,"valueName":"search_term_string"}}],"inLanguage":"pt-PT"},{"@type":"Organization","@id":"https:\/\/www.wavefunctionvr.com\/#organization","name":"WaveFunction, Lda","url":"https:\/\/www.wavefunctionvr.com\/","logo":{"@type":"ImageObject","inLanguage":"pt-PT","@id":"https:\/\/www.wavefunctionvr.com\/#\/schema\/logo\/image\/","url":"https:\/\/mlmf3ktkcsex.i.optimole.com\/w:auto\/h:auto\/q:mauto\/f:best\/ig:avif\/https:\/\/www.wavefunctionvr.com\/wp-content\/uploads\/2020\/07\/FundoTransparenteLogoEscuro.png","contentUrl":"https:\/\/mlmf3ktkcsex.i.optimole.com\/w:auto\/h:auto\/q:mauto\/f:best\/ig:avif\/https:\/\/www.wavefunctionvr.com\/wp-content\/uploads\/2020\/07\/FundoTransparenteLogoEscuro.png","width":2048,"height":2048,"caption":"WaveFunction, Lda"},"image":{"@id":"https:\/\/www.wavefunctionvr.com\/#\/schema\/logo\/image\/"},"sameAs":["https:\/\/www.facebook.com\/wavefunction.pt\/","https:\/\/x.com\/wavefunctionvr","https:\/\/www.instagram.com\/wavefunctionvr\/","https:\/\/www.linkedin.com\/company\/wavefunction-vr","https:\/\/www.youtube.com\/channel\/UCYUfCcKJq-L9_1IRtiVX6Ig"]}]}},"_links":{"self":[{"href":"https:\/\/www.wavefunctionvr.com\/pt\/wp-json\/wp\/v2\/pages\/8414","targetHints":{"allow":["GET"]}}],"collection":[{"href":"https:\/\/www.wavefunctionvr.com\/pt\/wp-json\/wp\/v2\/pages"}],"about":[{"href":"https:\/\/www.wavefunctionvr.com\/pt\/wp-json\/wp\/v2\/types\/page"}],"author":[{"embeddable":true,"href":"https:\/\/www.wavefunctionvr.com\/pt\/wp-json\/wp\/v2\/users\/1"}],"replies":[{"embeddable":true,"href":"https:\/\/www.wavefunctionvr.com\/pt\/wp-json\/wp\/v2\/comments?post=8414"}],"version-history":[{"count":0,"href":"https:\/\/www.wavefunctionvr.com\/pt\/wp-json\/wp\/v2\/pages\/8414\/revisions"}],"up":[{"embeddable":true,"href":"https:\/\/www.wavefunctionvr.com\/pt\/wp-json\/wp\/v2\/pages\/8176"}],"wp:featuredmedia":[{"embeddable":true,"href":"https:\/\/www.wavefunctionvr.com\/pt\/wp-json\/wp\/v2\/media\/3471"}],"wp:attachment":[{"href":"https:\/\/www.wavefunctionvr.com\/pt\/wp-json\/wp\/v2\/media?parent=8414"}],"curies":[{"name":"wp","href":"https:\/\/api.w.org\/{rel}","templated":true}]}}