{"id":7381,"date":"2021-01-15T01:37:11","date_gmt":"2021-01-15T01:37:11","guid":{"rendered":"https:\/\/www.wavefunctionvr.com\/html\/wordpress\/?page_id=7381"},"modified":"2021-10-11T03:30:58","modified_gmt":"2021-10-11T02:30:58","slug":"interactive-maps","status":"publish","type":"page","link":"https:\/\/www.wavefunctionvr.com\/pt\/services\/interactive-maps\/","title":{"rendered":"Mapas Interativos"},"content":{"rendered":"<div data-elementor-type=\"wp-page\" data-elementor-id=\"7381\" class=\"elementor elementor-7381\" data-elementor-post-type=\"page\">\n\t\t\t\t\t\t<section class=\"elementor-section elementor-top-section elementor-element elementor-element-18fc5d58 elementor-section-height-min-height elementor-section-items-top elementor-section-boxed elementor-section-height-default\" data-id=\"18fc5d58\" data-element_type=\"section\" data-e-type=\"section\" data-settings=\"{&quot;background_background&quot;:&quot;classic&quot;}\">\n\t\t\t\t\t\t<div class=\"elementor-container elementor-column-gap-default\">\n\t\t\t\t\t<div class=\"elementor-column elementor-col-100 elementor-top-column elementor-element elementor-element-6c1e9cbf\" data-id=\"6c1e9cbf\" data-element_type=\"column\" data-e-type=\"column\">\n\t\t\t<div class=\"elementor-widget-wrap\">\n\t\t\t\t\t\t\t<\/div>\n\t\t<\/div>\n\t\t\t\t\t<\/div>\n\t\t<\/section>\n\t\t\t\t<section class=\"elementor-section elementor-top-section elementor-element elementor-element-6c818bd6 elementor-section-height-min-height elementor-section-items-top elementor-section-boxed elementor-section-height-default\" data-id=\"6c818bd6\" data-element_type=\"section\" data-e-type=\"section\" data-settings=\"{&quot;background_background&quot;:&quot;classic&quot;}\">\n\t\t\t\t\t\t<div class=\"elementor-container elementor-column-gap-default\">\n\t\t\t\t\t<div class=\"elementor-column elementor-col-100 elementor-top-column elementor-element elementor-element-1d5821ca\" data-id=\"1d5821ca\" data-element_type=\"column\" data-e-type=\"column\">\n\t\t\t<div class=\"elementor-widget-wrap elementor-element-populated\">\n\t\t\t\t\t\t<div class=\"elementor-element elementor-element-75944499 elementor-widget elementor-widget-spacer\" data-id=\"75944499\" data-element_type=\"widget\" data-e-type=\"widget\" data-widget_type=\"spacer.default\">\n\t\t\t\t<div class=\"elementor-widget-container\">\n\t\t\t\t\t\t\t<div class=\"elementor-spacer\">\n\t\t\t<div class=\"elementor-spacer-inner\"><\/div>\n\t\t<\/div>\n\t\t\t\t\t\t<\/div>\n\t\t\t\t<\/div>\n\t\t\t\t<div class=\"elementor-element elementor-element-2e9f8e48 elementor-widget elementor-widget-breadcrumbs\" data-id=\"2e9f8e48\" data-element_type=\"widget\" data-e-type=\"widget\" data-widget_type=\"breadcrumbs.default\">\n\t\t\t\t<div class=\"elementor-widget-container\">\n\t\t\t\t\t<p id=\"breadcrumbs\"><span><span><a href=\"https:\/\/www.wavefunctionvr.com\/pt\/\">In\u00edcio<\/a><\/span><\/span><\/p>\t\t\t\t<\/div>\n\t\t\t\t<\/div>\n\t\t\t\t<div class=\"elementor-element elementor-element-0e5005c elementor-widget elementor-widget-spacer\" data-id=\"0e5005c\" data-element_type=\"widget\" data-e-type=\"widget\" data-widget_type=\"spacer.default\">\n\t\t\t\t<div class=\"elementor-widget-container\">\n\t\t\t\t\t\t\t<div class=\"elementor-spacer\">\n\t\t\t<div class=\"elementor-spacer-inner\"><\/div>\n\t\t<\/div>\n\t\t\t\t\t\t<\/div>\n\t\t\t\t<\/div>\n\t\t\t\t<div class=\"elementor-element elementor-element-57fd71b elementor-widget elementor-widget-heading\" data-id=\"57fd71b\" data-element_type=\"widget\" data-e-type=\"widget\" data-widget_type=\"heading.default\">\n\t\t\t\t<div class=\"elementor-widget-container\">\n\t\t\t\t\t<h1 class=\"elementor-heading-title elementor-size-default\">Uma vista a\u00e9rea interativa de edif\u00edcios e arredores<\/h1>\t\t\t\t<\/div>\n\t\t\t\t<\/div>\n\t\t\t\t<div class=\"elementor-element elementor-element-2f0d622 elementor-widget elementor-widget-text-editor\" data-id=\"2f0d622\" data-element_type=\"widget\" data-e-type=\"widget\" data-widget_type=\"text-editor.default\">\n\t\t\t\t<div class=\"elementor-widget-container\">\n\t\t\t\t\t\t\t\t\t<p>Desenvolvemos mapas interativos para telas sens\u00edveis ao toque que permitem ao visitante de um showroom, estande ou museu explorar um edif\u00edcio e todo o seu entorno. \u00c9 poss\u00edvel definir pontos de interesse e apresentar alternativas.<\/p>\t\t\t\t\t\t\t\t<\/div>\n\t\t\t\t<\/div>\n\t\t\t\t<section class=\"elementor-section elementor-inner-section elementor-element elementor-element-ab38326 elementor-section-boxed elementor-section-height-default elementor-section-height-default\" data-id=\"ab38326\" data-element_type=\"section\" data-e-type=\"section\">\n\t\t\t\t\t\t<div class=\"elementor-container elementor-column-gap-default\">\n\t\t\t\t\t<div class=\"elementor-column elementor-col-50 elementor-inner-column elementor-element elementor-element-d2ff2da\" data-id=\"d2ff2da\" data-element_type=\"column\" data-e-type=\"column\">\n\t\t\t<div class=\"elementor-widget-wrap elementor-element-populated\">\n\t\t\t\t\t\t<div class=\"elementor-element elementor-element-a907e80 elementor-widget elementor-widget-video\" data-id=\"a907e80\" data-element_type=\"widget\" data-e-type=\"widget\" data-settings=\"{&quot;youtube_url&quot;:&quot;https:\\\/\\\/www.youtube.com\\\/watch?v=LxhFizgH9LM&quot;,&quot;mute&quot;:&quot;yes&quot;,&quot;video_type&quot;:&quot;youtube&quot;,&quot;controls&quot;:&quot;yes&quot;}\" data-widget_type=\"video.default\">\n\t\t\t\t<div class=\"elementor-widget-container\">\n\t\t\t\t\t\t\t<div class=\"elementor-wrapper elementor-open-inline\">\n\t\t\t<div class=\"elementor-video\"><\/div>\t\t<\/div>\n\t\t\t\t\t\t<\/div>\n\t\t\t\t<\/div>\n\t\t\t\t\t<\/div>\n\t\t<\/div>\n\t\t\t\t<div class=\"elementor-column elementor-col-50 elementor-inner-column elementor-element elementor-element-79549c0\" data-id=\"79549c0\" data-element_type=\"column\" data-e-type=\"column\">\n\t\t\t<div class=\"elementor-widget-wrap elementor-element-populated\">\n\t\t\t\t\t\t<div class=\"elementor-element elementor-element-54df3cf elementor-widget elementor-widget-video\" data-id=\"54df3cf\" data-element_type=\"widget\" data-e-type=\"widget\" data-settings=\"{&quot;youtube_url&quot;:&quot;https:\\\/\\\/www.youtube.com\\\/watch?v=kIRMdG3PH90&quot;,&quot;mute&quot;:&quot;yes&quot;,&quot;video_type&quot;:&quot;youtube&quot;,&quot;controls&quot;:&quot;yes&quot;}\" data-widget_type=\"video.default\">\n\t\t\t\t<div class=\"elementor-widget-container\">\n\t\t\t\t\t\t\t<div class=\"elementor-wrapper elementor-open-inline\">\n\t\t\t<div class=\"elementor-video\"><\/div>\t\t<\/div>\n\t\t\t\t\t\t<\/div>\n\t\t\t\t<\/div>\n\t\t\t\t\t<\/div>\n\t\t<\/div>\n\t\t\t\t\t<\/div>\n\t\t<\/section>\n\t\t\t\t<div class=\"elementor-element elementor-element-cf3b086 elementor-widget elementor-widget-video\" data-id=\"cf3b086\" data-element_type=\"widget\" data-e-type=\"widget\" data-settings=\"{&quot;youtube_url&quot;:&quot;https:\\\/\\\/www.youtube.com\\\/watch?v=gWOO7pObGec&quot;,&quot;mute&quot;:&quot;yes&quot;,&quot;video_type&quot;:&quot;youtube&quot;,&quot;controls&quot;:&quot;yes&quot;}\" data-widget_type=\"video.default\">\n\t\t\t\t<div class=\"elementor-widget-container\">\n\t\t\t\t\t\t\t<div class=\"elementor-wrapper elementor-open-inline\">\n\t\t\t<div class=\"elementor-video\"><\/div>\t\t<\/div>\n\t\t\t\t\t\t<\/div>\n\t\t\t\t<\/div>\n\t\t\t\t<div class=\"elementor-element elementor-element-51e62435 elementor-widget elementor-widget-spacer\" data-id=\"51e62435\" data-element_type=\"widget\" data-e-type=\"widget\" data-widget_type=\"spacer.default\">\n\t\t\t\t<div class=\"elementor-widget-container\">\n\t\t\t\t\t\t\t<div class=\"elementor-spacer\">\n\t\t\t<div class=\"elementor-spacer-inner\"><\/div>\n\t\t<\/div>\n\t\t\t\t\t\t<\/div>\n\t\t\t\t<\/div>\n\t\t\t\t\t<\/div>\n\t\t<\/div>\n\t\t\t\t\t<\/div>\n\t\t<\/section>\n\t\t\t\t<\/div>","protected":false},"excerpt":{"rendered":"<p>Uma vista a\u00e9rea interativa de pr\u00e9dios e arredores Desenvolvemos mapas interativos para telas sens\u00edveis ao toque que permitem ao visitante de um showroom, estande ou museu explorar um pr\u00e9dio e todo o seu entorno. \u00c9 poss\u00edvel definir pontos de interesse e apresentar alternativas. https:\/\/www.youtube.com\/watch?v=LxhFizgH9LMhttps:\/\/www.youtube.com\/watch?v=kIRMdG3PH90https:\/\/www.youtube.com\/watch?v=gWOO7pObGec<\/p>","protected":false},"author":1,"featured_media":8706,"parent":5368,"menu_order":0,"comment_status":"closed","ping_status":"closed","template":"","meta":{"footnotes":""},"class_list":["post-7381","page","type-page","status-publish","has-post-thumbnail","hentry"],"yoast_head":"<!-- This site is optimized with the Yoast SEO plugin v27.5 - https:\/\/yoast.com\/product\/yoast-seo-wordpress\/ -->\n<title>Interactive Maps for Touchscreens<\/title>\n<meta name=\"description\" content=\"We develop interactive 3D maps for large touch screens, with the possibility to show all the surroundings and points of interest.\" \/>\n<meta name=\"robots\" content=\"index, follow, max-snippet:-1, max-image-preview:large, max-video-preview:-1\" \/>\n<link rel=\"canonical\" href=\"https:\/\/www.wavefunctionvr.com\/pt\/services\/interactive-maps\/\" \/>\n<meta property=\"og:locale\" content=\"pt_PT\" \/>\n<meta property=\"og:type\" content=\"article\" \/>\n<meta property=\"og:title\" content=\"Interactive Maps for Touchscreens\" \/>\n<meta property=\"og:description\" content=\"We develop interactive 3D maps for large touch screens, with the possibility to show all the surroundings and points of interest.\" \/>\n<meta property=\"og:url\" content=\"https:\/\/www.wavefunctionvr.com\/pt\/services\/interactive-maps\/\" \/>\n<meta property=\"og:site_name\" content=\"WaveFunction VR\" \/>\n<meta property=\"article:publisher\" content=\"https:\/\/www.facebook.com\/wavefunction.pt\/\" \/>\n<meta property=\"article:modified_time\" content=\"2021-10-11T02:30:58+00:00\" \/>\n<meta property=\"og:image\" content=\"https:\/\/mlmf3ktkcsex.i.optimole.com\/w:1024\/h:677\/q:mauto\/f:best\/ig:avif\/https:\/\/www.wavefunctionvr.com\/wp-content\/uploads\/2021\/07\/Screenshot_2.png\" \/>\n\t<meta property=\"og:image:width\" content=\"1024\" \/>\n\t<meta property=\"og:image:height\" content=\"677\" \/>\n\t<meta property=\"og:image:type\" content=\"image\/png\" \/>\n<meta name=\"twitter:card\" content=\"summary_large_image\" \/>\n<meta name=\"twitter:site\" content=\"@wavefunctionvr\" \/>\n<meta name=\"twitter:label1\" content=\"Tempo estimado de leitura\" \/>\n\t<meta name=\"twitter:data1\" content=\"1 minuto\" \/>\n<script type=\"application\/ld+json\" class=\"yoast-schema-graph\">{\"@context\":\"https:\\\/\\\/schema.org\",\"@graph\":[{\"@type\":\"WebPage\",\"@id\":\"https:\\\/\\\/www.wavefunctionvr.com\\\/services\\\/interactive-maps\\\/\",\"url\":\"https:\\\/\\\/www.wavefunctionvr.com\\\/services\\\/interactive-maps\\\/\",\"name\":\"Interactive Maps for Touchscreens\",\"isPartOf\":{\"@id\":\"https:\\\/\\\/www.wavefunctionvr.com\\\/#website\"},\"primaryImageOfPage\":{\"@id\":\"https:\\\/\\\/www.wavefunctionvr.com\\\/services\\\/interactive-maps\\\/#primaryimage\"},\"image\":{\"@id\":\"https:\\\/\\\/www.wavefunctionvr.com\\\/services\\\/interactive-maps\\\/#primaryimage\"},\"thumbnailUrl\":\"https:\\/\\/www.wavefunctionvr.com\\/wp-content\\/uploads\\/2021\\/07\\/Screenshot_2.png\",\"datePublished\":\"2021-01-15T01:37:11+00:00\",\"dateModified\":\"2021-10-11T02:30:58+00:00\",\"description\":\"We develop interactive 3D maps for large touch screens, with the possibility to show all the surroundings and points of interest.\",\"breadcrumb\":{\"@id\":\"https:\\\/\\\/www.wavefunctionvr.com\\\/services\\\/interactive-maps\\\/#breadcrumb\"},\"inLanguage\":\"pt-PT\",\"potentialAction\":[{\"@type\":\"ReadAction\",\"target\":[\"https:\\\/\\\/www.wavefunctionvr.com\\\/services\\\/interactive-maps\\\/\"]}]},{\"@type\":\"ImageObject\",\"inLanguage\":\"pt-PT\",\"@id\":\"https:\\\/\\\/www.wavefunctionvr.com\\\/services\\\/interactive-maps\\\/#primaryimage\",\"url\":\"https:\\/\\/www.wavefunctionvr.com\\/wp-content\\/uploads\\/2021\\/07\\/Screenshot_2.png\",\"contentUrl\":\"https:\\/\\/www.wavefunctionvr.com\\/wp-content\\/uploads\\/2021\\/07\\/Screenshot_2.png\",\"width\":1521,\"height\":1005},{\"@type\":\"BreadcrumbList\",\"@id\":\"https:\\\/\\\/www.wavefunctionvr.com\\\/services\\\/interactive-maps\\\/#breadcrumb\",\"itemListElement\":[{\"@type\":\"ListItem\",\"position\":1,\"name\":\"Home\",\"item\":\"https:\\\/\\\/www.wavefunctionvr.com\\\/\"},{\"@type\":\"ListItem\",\"position\":2,\"name\":\"Services\",\"item\":\"https:\\\/\\\/www.wavefunctionvr.com\\\/services\\\/\"},{\"@type\":\"ListItem\",\"position\":3,\"name\":\"Interactive Maps\"}]},{\"@type\":\"WebSite\",\"@id\":\"https:\\\/\\\/www.wavefunctionvr.com\\\/#website\",\"url\":\"https:\\\/\\\/www.wavefunctionvr.com\\\/\",\"name\":\"WaveFunction VR\",\"description\":\"Interactive multiplayer Virtual Reality, immersive content - we create immersive experiences\",\"publisher\":{\"@id\":\"https:\\\/\\\/www.wavefunctionvr.com\\\/#organization\"},\"potentialAction\":[{\"@type\":\"SearchAction\",\"target\":{\"@type\":\"EntryPoint\",\"urlTemplate\":\"https:\\\/\\\/www.wavefunctionvr.com\\\/?s={search_term_string}\"},\"query-input\":{\"@type\":\"PropertyValueSpecification\",\"valueRequired\":true,\"valueName\":\"search_term_string\"}}],\"inLanguage\":\"pt-PT\"},{\"@type\":\"Organization\",\"@id\":\"https:\\\/\\\/www.wavefunctionvr.com\\\/#organization\",\"name\":\"WaveFunction, Lda\",\"url\":\"https:\\\/\\\/www.wavefunctionvr.com\\\/\",\"logo\":{\"@type\":\"ImageObject\",\"inLanguage\":\"pt-PT\",\"@id\":\"https:\\\/\\\/www.wavefunctionvr.com\\\/#\\\/schema\\\/logo\\\/image\\\/\",\"url\":\"https:\\/\\/www.wavefunctionvr.com\\/wp-content\\/uploads\\/2020\\/07\\/FundoTransparenteLogoEscuro.png\",\"contentUrl\":\"https:\\/\\/www.wavefunctionvr.com\\/wp-content\\/uploads\\/2020\\/07\\/FundoTransparenteLogoEscuro.png\",\"width\":2048,\"height\":2048,\"caption\":\"WaveFunction, Lda\"},\"image\":{\"@id\":\"https:\\\/\\\/www.wavefunctionvr.com\\\/#\\\/schema\\\/logo\\\/image\\\/\"},\"sameAs\":[\"https:\\\/\\\/www.facebook.com\\\/wavefunction.pt\\\/\",\"https:\\\/\\\/x.com\\\/wavefunctionvr\",\"https:\\\/\\\/www.instagram.com\\\/wavefunctionvr\\\/\",\"https:\\\/\\\/www.linkedin.com\\\/company\\\/wavefunction-vr\",\"https:\\\/\\\/www.youtube.com\\\/channel\\\/UCYUfCcKJq-L9_1IRtiVX6Ig\"]}]}<\/script>\n<!-- \/ Yoast SEO plugin. -->","yoast_head_json":{"title":"Mapas interativos para telas sens\u00edveis ao toque","description":"Desenvolvemos mapas 3D interativos para grandes telas sens\u00edveis ao toque, com a possibilidade de mostrar todos os arredores e pontos de interesse.","robots":{"index":"index","follow":"follow","max-snippet":"max-snippet:-1","max-image-preview":"max-image-preview:large","max-video-preview":"max-video-preview:-1"},"canonical":"https:\/\/www.wavefunctionvr.com\/pt\/services\/interactive-maps\/","og_locale":"pt_PT","og_type":"article","og_title":"Interactive Maps for Touchscreens","og_description":"We develop interactive 3D maps for large touch screens, with the possibility to show all the surroundings and points of interest.","og_url":"https:\/\/www.wavefunctionvr.com\/pt\/services\/interactive-maps\/","og_site_name":"WaveFunction VR","article_publisher":"https:\/\/www.facebook.com\/wavefunction.pt\/","article_modified_time":"2021-10-11T02:30:58+00:00","og_image":[{"width":1024,"height":677,"url":"https:\/\/mlmf3ktkcsex.i.optimole.com\/w:1024\/h:677\/q:mauto\/f:best\/ig:avif\/https:\/\/www.wavefunctionvr.com\/wp-content\/uploads\/2021\/07\/Screenshot_2.png","type":"image\/png"}],"twitter_card":"summary_large_image","twitter_site":"@wavefunctionvr","twitter_misc":{"Tempo estimado de leitura":"1 minuto"},"schema":{"@context":"https:\/\/schema.org","@graph":[{"@type":"WebPage","@id":"https:\/\/www.wavefunctionvr.com\/services\/interactive-maps\/","url":"https:\/\/www.wavefunctionvr.com\/services\/interactive-maps\/","name":"Mapas interativos para telas sens\u00edveis ao toque","isPartOf":{"@id":"https:\/\/www.wavefunctionvr.com\/#website"},"primaryImageOfPage":{"@id":"https:\/\/www.wavefunctionvr.com\/services\/interactive-maps\/#primaryimage"},"image":{"@id":"https:\/\/www.wavefunctionvr.com\/services\/interactive-maps\/#primaryimage"},"thumbnailUrl":"https:\/\/mlmf3ktkcsex.i.optimole.com\/w:auto\/h:auto\/q:mauto\/f:best\/ig:avif\/https:\/\/www.wavefunctionvr.com\/wp-content\/uploads\/2021\/07\/Screenshot_2.png","datePublished":"2021-01-15T01:37:11+00:00","dateModified":"2021-10-11T02:30:58+00:00","description":"Desenvolvemos mapas 3D interativos para grandes telas sens\u00edveis ao toque, com a possibilidade de mostrar todos os arredores e pontos de interesse.","breadcrumb":{"@id":"https:\/\/www.wavefunctionvr.com\/services\/interactive-maps\/#breadcrumb"},"inLanguage":"pt-PT","potentialAction":[{"@type":"ReadAction","target":["https:\/\/www.wavefunctionvr.com\/services\/interactive-maps\/"]}]},{"@type":"ImageObject","inLanguage":"pt-PT","@id":"https:\/\/www.wavefunctionvr.com\/services\/interactive-maps\/#primaryimage","url":"https:\/\/mlmf3ktkcsex.i.optimole.com\/w:auto\/h:auto\/q:mauto\/f:best\/ig:avif\/https:\/\/www.wavefunctionvr.com\/wp-content\/uploads\/2021\/07\/Screenshot_2.png","contentUrl":"https:\/\/mlmf3ktkcsex.i.optimole.com\/w:auto\/h:auto\/q:mauto\/f:best\/ig:avif\/https:\/\/www.wavefunctionvr.com\/wp-content\/uploads\/2021\/07\/Screenshot_2.png","width":1521,"height":1005},{"@type":"BreadcrumbList","@id":"https:\/\/www.wavefunctionvr.com\/services\/interactive-maps\/#breadcrumb","itemListElement":[{"@type":"ListItem","position":1,"name":"Home","item":"https:\/\/www.wavefunctionvr.com\/"},{"@type":"ListItem","position":2,"name":"Services","item":"https:\/\/www.wavefunctionvr.com\/services\/"},{"@type":"ListItem","position":3,"name":"Interactive Maps"}]},{"@type":"WebSite","@id":"https:\/\/www.wavefunctionvr.com\/#website","url":"https:\/\/www.wavefunctionvr.com\/","name":"WaveFunction VR","description":"Realidade Virtual interativa multijogador, conte\u00fado imersivo - criamos experi\u00eancias imersivas","publisher":{"@id":"https:\/\/www.wavefunctionvr.com\/#organization"},"potentialAction":[{"@type":"SearchAction","target":{"@type":"EntryPoint","urlTemplate":"https:\/\/www.wavefunctionvr.com\/?s={search_term_string}"},"query-input":{"@type":"PropertyValueSpecification","valueRequired":true,"valueName":"search_term_string"}}],"inLanguage":"pt-PT"},{"@type":"Organization","@id":"https:\/\/www.wavefunctionvr.com\/#organization","name":"WaveFunction, Lda","url":"https:\/\/www.wavefunctionvr.com\/","logo":{"@type":"ImageObject","inLanguage":"pt-PT","@id":"https:\/\/www.wavefunctionvr.com\/#\/schema\/logo\/image\/","url":"https:\/\/mlmf3ktkcsex.i.optimole.com\/w:auto\/h:auto\/q:mauto\/f:best\/ig:avif\/https:\/\/www.wavefunctionvr.com\/wp-content\/uploads\/2020\/07\/FundoTransparenteLogoEscuro.png","contentUrl":"https:\/\/mlmf3ktkcsex.i.optimole.com\/w:auto\/h:auto\/q:mauto\/f:best\/ig:avif\/https:\/\/www.wavefunctionvr.com\/wp-content\/uploads\/2020\/07\/FundoTransparenteLogoEscuro.png","width":2048,"height":2048,"caption":"WaveFunction, Lda"},"image":{"@id":"https:\/\/www.wavefunctionvr.com\/#\/schema\/logo\/image\/"},"sameAs":["https:\/\/www.facebook.com\/wavefunction.pt\/","https:\/\/x.com\/wavefunctionvr","https:\/\/www.instagram.com\/wavefunctionvr\/","https:\/\/www.linkedin.com\/company\/wavefunction-vr","https:\/\/www.youtube.com\/channel\/UCYUfCcKJq-L9_1IRtiVX6Ig"]}]}},"_links":{"self":[{"href":"https:\/\/www.wavefunctionvr.com\/pt\/wp-json\/wp\/v2\/pages\/7381","targetHints":{"allow":["GET"]}}],"collection":[{"href":"https:\/\/www.wavefunctionvr.com\/pt\/wp-json\/wp\/v2\/pages"}],"about":[{"href":"https:\/\/www.wavefunctionvr.com\/pt\/wp-json\/wp\/v2\/types\/page"}],"author":[{"embeddable":true,"href":"https:\/\/www.wavefunctionvr.com\/pt\/wp-json\/wp\/v2\/users\/1"}],"replies":[{"embeddable":true,"href":"https:\/\/www.wavefunctionvr.com\/pt\/wp-json\/wp\/v2\/comments?post=7381"}],"version-history":[{"count":0,"href":"https:\/\/www.wavefunctionvr.com\/pt\/wp-json\/wp\/v2\/pages\/7381\/revisions"}],"up":[{"embeddable":true,"href":"https:\/\/www.wavefunctionvr.com\/pt\/wp-json\/wp\/v2\/pages\/5368"}],"wp:featuredmedia":[{"embeddable":true,"href":"https:\/\/www.wavefunctionvr.com\/pt\/wp-json\/wp\/v2\/media\/8706"}],"wp:attachment":[{"href":"https:\/\/www.wavefunctionvr.com\/pt\/wp-json\/wp\/v2\/media?parent=7381"}],"curies":[{"name":"wp","href":"https:\/\/api.w.org\/{rel}","templated":true}]}}