{"id":7345,"date":"2021-01-15T01:11:10","date_gmt":"2021-01-15T00:11:10","guid":{"rendered":"https:\/\/www.wavefunctionvr.com\/html\/wordpress\/?page_id=7345"},"modified":"2021-10-11T01:02:54","modified_gmt":"2021-10-11T00:02:54","slug":"virtual-tour-photorealistic-360-rendering","status":"publish","type":"page","link":"https:\/\/www.wavefunctionvr.com\/pt\/services\/3d-modeling-rendering\/virtual-tour-photorealistic-360-rendering\/","title":{"rendered":"Tour Virtual com renderiza\u00e7\u00f5es 360\u00ba"},"content":{"rendered":"<div data-elementor-type=\"wp-page\" data-elementor-id=\"7345\" class=\"elementor elementor-7345\" data-elementor-post-type=\"page\">\n\t\t\t\t\t\t<section class=\"elementor-section elementor-top-section elementor-element elementor-element-55d641a2 elementor-section-height-min-height elementor-section-items-top elementor-section-boxed elementor-section-height-default\" data-id=\"55d641a2\" data-element_type=\"section\" data-e-type=\"section\" data-settings=\"{&quot;background_background&quot;:&quot;classic&quot;}\">\n\t\t\t\t\t\t<div class=\"elementor-container elementor-column-gap-default\">\n\t\t\t\t\t<div class=\"elementor-column elementor-col-100 elementor-top-column elementor-element elementor-element-62c84cb\" data-id=\"62c84cb\" data-element_type=\"column\" data-e-type=\"column\">\n\t\t\t<div class=\"elementor-widget-wrap\">\n\t\t\t\t\t\t\t<\/div>\n\t\t<\/div>\n\t\t\t\t\t<\/div>\n\t\t<\/section>\n\t\t\t\t<section class=\"elementor-section elementor-top-section elementor-element elementor-element-35aa1d59 elementor-section-height-min-height elementor-section-items-top elementor-section-boxed elementor-section-height-default\" data-id=\"35aa1d59\" data-element_type=\"section\" data-e-type=\"section\" data-settings=\"{&quot;background_background&quot;:&quot;classic&quot;}\">\n\t\t\t\t\t\t<div class=\"elementor-container elementor-column-gap-default\">\n\t\t\t\t\t<div class=\"elementor-column elementor-col-100 elementor-top-column elementor-element elementor-element-50b32507\" data-id=\"50b32507\" data-element_type=\"column\" data-e-type=\"column\">\n\t\t\t<div class=\"elementor-widget-wrap elementor-element-populated\">\n\t\t\t\t\t\t<div class=\"elementor-element elementor-element-6bb8ae27 elementor-widget elementor-widget-spacer\" data-id=\"6bb8ae27\" data-element_type=\"widget\" data-e-type=\"widget\" data-widget_type=\"spacer.default\">\n\t\t\t\t<div class=\"elementor-widget-container\">\n\t\t\t\t\t\t\t<div class=\"elementor-spacer\">\n\t\t\t<div class=\"elementor-spacer-inner\"><\/div>\n\t\t<\/div>\n\t\t\t\t\t\t<\/div>\n\t\t\t\t<\/div>\n\t\t\t\t<div class=\"elementor-element elementor-element-4215248d elementor-widget elementor-widget-breadcrumbs\" data-id=\"4215248d\" data-element_type=\"widget\" data-e-type=\"widget\" data-widget_type=\"breadcrumbs.default\">\n\t\t\t\t<div class=\"elementor-widget-container\">\n\t\t\t\t\t<p id=\"breadcrumbs\"><span><span><a href=\"https:\/\/www.wavefunctionvr.com\/pt\/\">In\u00edcio<\/a><\/span><\/span><\/p>\t\t\t\t<\/div>\n\t\t\t\t<\/div>\n\t\t\t\t<div class=\"elementor-element elementor-element-10e8b1b elementor-widget elementor-widget-spacer\" data-id=\"10e8b1b\" data-element_type=\"widget\" data-e-type=\"widget\" data-widget_type=\"spacer.default\">\n\t\t\t\t<div class=\"elementor-widget-container\">\n\t\t\t\t\t\t\t<div class=\"elementor-spacer\">\n\t\t\t<div class=\"elementor-spacer-inner\"><\/div>\n\t\t<\/div>\n\t\t\t\t\t\t<\/div>\n\t\t\t\t<\/div>\n\t\t\t\t<div class=\"elementor-element elementor-element-b2287f8 elementor-widget elementor-widget-heading\" data-id=\"b2287f8\" data-element_type=\"widget\" data-e-type=\"widget\" data-widget_type=\"heading.default\">\n\t\t\t\t<div class=\"elementor-widget-container\">\n\t\t\t\t\t<h1 class=\"elementor-heading-title elementor-size-default\">Uma casa modelo, no seu site ou nos seus eventos<\/h1>\t\t\t\t<\/div>\n\t\t\t\t<\/div>\n\t\t\t\t<div class=\"elementor-element elementor-element-7213479 elementor-widget elementor-widget-text-editor\" data-id=\"7213479\" data-element_type=\"widget\" data-e-type=\"widget\" data-widget_type=\"text-editor.default\">\n\t\t\t\t<div class=\"elementor-widget-container\">\n\t\t\t\t\t\t\t\t\t<p>Criamos visitas virtuais fotorealistas a partir de plantas ou modelos 3D. Al\u00e9m de poderem visitar uma casa modelo, os seus clientes tamb\u00e9m podem visualizar a casa em diferentes hor\u00e1rios do dia e com diferentes alternativas de materiais.<\/p>\t\t\t\t\t\t\t\t<\/div>\n\t\t\t\t<\/div>\n\t\t\t\t<div class=\"elementor-element elementor-element-a2f21d4 elementor-widget elementor-widget-html\" data-id=\"a2f21d4\" data-element_type=\"widget\" data-e-type=\"widget\" data-widget_type=\"html.default\">\n\t\t\t\t<div class=\"elementor-widget-container\">\n\t\t\t\t\t<iframe src=\"https:\/\/wfvrserver.ddns.net\/Schworer-v3-WebGL\/\" style=\"border:0px #ffffff none;\" name=\"render3d_web\" scrolling=\"no\" frameborder=\"0\" marginheight=\"0px\" marginwidth=\"0px\" height=\"570px\" width=\"100%\" allowfullscreen><\/iframe>\t\t\t\t<\/div>\n\t\t\t\t<\/div>\n\t\t\t\t<div class=\"elementor-element elementor-element-7010b50 elementor-widget elementor-widget-text-editor\" data-id=\"7010b50\" data-element_type=\"widget\" data-e-type=\"widget\" data-widget_type=\"text-editor.default\">\n\t\t\t\t<div class=\"elementor-widget-container\">\n\t\t\t\t\t\t\t\t\t<p>Em dispositivos de realidade virtual, o usu\u00e1rio pode olhar ao redor e sentir como se estivesse dentro de casa. A vers\u00e3o web funciona em qualquer site e suporta smartphones.<\/p>\t\t\t\t\t\t\t\t<\/div>\n\t\t\t\t<\/div>\n\t\t\t\t<div class=\"elementor-element elementor-element-c3fe6a8 elementor-widget elementor-widget-html\" data-id=\"c3fe6a8\" data-element_type=\"widget\" data-e-type=\"widget\" data-widget_type=\"html.default\">\n\t\t\t\t<div class=\"elementor-widget-container\">\n\t\t\t\t\t<iframe src=\"https:\/\/wfvrserver.ddns.net\/ScandiByg-Facades\/\" style=\"border:0px #ffffff none;\" name=\"render3d_web\" scrolling=\"no\" frameborder=\"0\" marginheight=\"0px\" marginwidth=\"0px\" height=\"570px\" width=\"1140px\" allowfullscreen><\/iframe>\t\t\t\t<\/div>\n\t\t\t\t<\/div>\n\t\t\t\t<div class=\"elementor-element elementor-element-129e748 elementor-widget elementor-widget-spacer\" data-id=\"129e748\" data-element_type=\"widget\" data-e-type=\"widget\" data-widget_type=\"spacer.default\">\n\t\t\t\t<div class=\"elementor-widget-container\">\n\t\t\t\t\t\t\t<div class=\"elementor-spacer\">\n\t\t\t<div class=\"elementor-spacer-inner\"><\/div>\n\t\t<\/div>\n\t\t\t\t\t\t<\/div>\n\t\t\t\t<\/div>\n\t\t\t\t<div class=\"elementor-element elementor-element-8ff978e elementor-widget elementor-widget-heading\" data-id=\"8ff978e\" data-element_type=\"widget\" data-e-type=\"widget\" data-widget_type=\"heading.default\">\n\t\t\t\t<div class=\"elementor-widget-container\">\n\t\t\t\t\t<h2 class=\"elementor-heading-title elementor-size-default\">Fluxo de Trabalho<\/h2>\t\t\t\t<\/div>\n\t\t\t\t<\/div>\n\t\t\t\t<div class=\"elementor-element elementor-element-35668e0 elementor-widget elementor-widget-text-editor\" data-id=\"35668e0\" data-element_type=\"widget\" data-e-type=\"widget\" data-widget_type=\"text-editor.default\">\n\t\t\t\t<div class=\"elementor-widget-container\">\n\t\t\t\t\t\t\t\t\t<p>Modelamos em 3D a partir de projetos ou trabalhamos em modelos 3D que voc\u00ea j\u00e1 possui. Trabalhamos em um processo iterativo sempre acompanhado pelo cliente, e que reflete no produto final todos os feedbacks recebidos.<\/p>\t\t\t\t\t\t\t\t<\/div>\n\t\t\t\t<\/div>\n\t\t\t\t<div class=\"elementor-element elementor-element-d574a0e elementor-widget elementor-widget-image\" data-id=\"d574a0e\" data-element_type=\"widget\" data-e-type=\"widget\" data-widget_type=\"image.default\">\n\t\t\t\t<div class=\"elementor-widget-container\">\n\t\t\t\t\t\t\t\t\t\t\t\t\t\t\t<img data-opt-id=1763137006  fetchpriority=\"high\" decoding=\"async\" width=\"1536\" height=\"351\" src=\"https:\/\/mlmf3ktkcsex.i.optimole.com\/w:1536\/h:351\/q:mauto\/f:best\/ig:avif\/https:\/\/www.wavefunctionvr.com\/wp-content\/uploads\/2021\/01\/3d_process.png\" class=\"attachment-1536x1536 size-1536x1536 wp-image-7475\" alt=\"Ilustra\u00e7\u00e3o do processo de desenvolvimento de imagens fotorealistas\" srcset=\"https:\/\/mlmf3ktkcsex.i.optimole.com\/w:1536\/h:351\/q:mauto\/f:best\/ig:avif\/https:\/\/www.wavefunctionvr.com\/wp-content\/uploads\/2021\/01\/3d_process.png 1536w, https:\/\/mlmf3ktkcsex.i.optimole.com\/w:300\/h:69\/q:mauto\/f:best\/ig:avif\/https:\/\/www.wavefunctionvr.com\/wp-content\/uploads\/2021\/01\/3d_process.png 300w, https:\/\/mlmf3ktkcsex.i.optimole.com\/w:1024\/h:234\/q:mauto\/f:best\/ig:avif\/https:\/\/www.wavefunctionvr.com\/wp-content\/uploads\/2021\/01\/3d_process.png 1024w, https:\/\/mlmf3ktkcsex.i.optimole.com\/w:768\/h:175\/q:mauto\/f:best\/ig:avif\/https:\/\/www.wavefunctionvr.com\/wp-content\/uploads\/2021\/01\/3d_process.png 768w, https:\/\/mlmf3ktkcsex.i.optimole.com\/w:16\/h:4\/q:mauto\/f:best\/ig:avif\/dpr:2\/https:\/\/www.wavefunctionvr.com\/wp-content\/uploads\/2021\/01\/3d_process.png 16w, https:\/\/mlmf3ktkcsex.i.optimole.com\/w:1629\/h:372\/q:mauto\/f:best\/ig:avif\/https:\/\/www.wavefunctionvr.com\/wp-content\/uploads\/2021\/01\/3d_process.png 1629w\" sizes=\"(max-width: 800px) 100vw, 800px\" \/>\t\t\t\t\t\t\t\t\t\t\t\t\t\t\t<\/div>\n\t\t\t\t<\/div>\n\t\t\t\t<div class=\"elementor-element elementor-element-072b76e elementor-widget elementor-widget-spacer\" data-id=\"072b76e\" data-element_type=\"widget\" data-e-type=\"widget\" data-widget_type=\"spacer.default\">\n\t\t\t\t<div class=\"elementor-widget-container\">\n\t\t\t\t\t\t\t<div class=\"elementor-spacer\">\n\t\t\t<div class=\"elementor-spacer-inner\"><\/div>\n\t\t<\/div>\n\t\t\t\t\t\t<\/div>\n\t\t\t\t<\/div>\n\t\t\t\t\t<\/div>\n\t\t<\/div>\n\t\t\t\t\t<\/div>\n\t\t<\/section>\n\t\t\t\t<\/div>","protected":false},"excerpt":{"rendered":"<p>A model home, on your website or at your events We create photorealistic virtual tours from blueprints or 3D models. Besides being able to visit a model house, your clients can also visualize the house at different times of the day, and with different alternatives. On virtual reality devices, the user can look all around [&hellip;]<\/p>\n","protected":false},"author":1,"featured_media":10635,"parent":5539,"menu_order":0,"comment_status":"closed","ping_status":"closed","template":"","meta":{"footnotes":""},"class_list":["post-7345","page","type-page","status-publish","has-post-thumbnail","hentry"],"yoast_head":"<!-- This site is optimized with the Yoast SEO plugin v27.4 - https:\/\/yoast.com\/product\/yoast-seo-wordpress\/ -->\n<title>Virtual Tour with 360\u00ba Photorealistic Rendering<\/title>\n<meta name=\"description\" content=\"We create photorealistic virtual tours from blueprints or 3D models. Besides being able to visit a model house, your clients can also visualize the house at different times of the day, and with different alternatives.\" \/>\n<meta name=\"robots\" content=\"index, follow, max-snippet:-1, max-image-preview:large, max-video-preview:-1\" \/>\n<link rel=\"canonical\" href=\"https:\/\/www.wavefunctionvr.com\/pt\/services\/3d-modeling-rendering\/virtual-tour-photorealistic-360-rendering\/\" \/>\n<meta property=\"og:locale\" content=\"pt_PT\" \/>\n<meta property=\"og:type\" content=\"article\" \/>\n<meta property=\"og:title\" content=\"Virtual Tour with 360\u00ba Photorealistic Rendering\" \/>\n<meta property=\"og:description\" content=\"We create photorealistic virtual tours from blueprints or 3D models. Besides being able to visit a model house, your clients can also visualize the house at different times of the day, and with different alternatives.\" \/>\n<meta property=\"og:url\" content=\"https:\/\/www.wavefunctionvr.com\/pt\/services\/3d-modeling-rendering\/virtual-tour-photorealistic-360-rendering\/\" \/>\n<meta property=\"og:site_name\" content=\"WaveFunction VR\" \/>\n<meta property=\"article:publisher\" content=\"https:\/\/www.facebook.com\/wavefunction.pt\/\" \/>\n<meta property=\"article:modified_time\" content=\"2021-10-11T00:02:54+00:00\" \/>\n<meta property=\"og:image\" content=\"https:\/\/mlmf3ktkcsex.i.optimole.com\/w:1024\/h:399\/q:mauto\/f:best\/ig:avif\/https:\/\/www.wavefunctionvr.com\/wp-content\/uploads\/2021\/10\/Screenshot-at-Oct-11-00-53-38.png\" \/>\n\t<meta property=\"og:image:width\" content=\"1024\" \/>\n\t<meta property=\"og:image:height\" content=\"399\" \/>\n\t<meta property=\"og:image:type\" content=\"image\/png\" \/>\n<meta name=\"twitter:card\" content=\"summary_large_image\" \/>\n<meta name=\"twitter:site\" content=\"@wavefunctionvr\" \/>\n<meta name=\"twitter:label1\" content=\"Tempo estimado de leitura\" \/>\n\t<meta name=\"twitter:data1\" content=\"1 minuto\" \/>\n<script type=\"application\/ld+json\" class=\"yoast-schema-graph\">{\"@context\":\"https:\\\/\\\/schema.org\",\"@graph\":[{\"@type\":\"WebPage\",\"@id\":\"https:\\\/\\\/www.wavefunctionvr.com\\\/services\\\/3d-modeling-rendering\\\/virtual-tour-photorealistic-360-rendering\\\/\",\"url\":\"https:\\\/\\\/www.wavefunctionvr.com\\\/services\\\/3d-modeling-rendering\\\/virtual-tour-photorealistic-360-rendering\\\/\",\"name\":\"Virtual Tour with 360\u00ba Photorealistic Rendering\",\"isPartOf\":{\"@id\":\"https:\\\/\\\/www.wavefunctionvr.com\\\/#website\"},\"primaryImageOfPage\":{\"@id\":\"https:\\\/\\\/www.wavefunctionvr.com\\\/services\\\/3d-modeling-rendering\\\/virtual-tour-photorealistic-360-rendering\\\/#primaryimage\"},\"image\":{\"@id\":\"https:\\\/\\\/www.wavefunctionvr.com\\\/services\\\/3d-modeling-rendering\\\/virtual-tour-photorealistic-360-rendering\\\/#primaryimage\"},\"thumbnailUrl\":\"https:\\/\\/www.wavefunctionvr.com\\/wp-content\\/uploads\\/2021\\/10\\/Screenshot-at-Oct-11-00-53-38.png\",\"datePublished\":\"2021-01-15T00:11:10+00:00\",\"dateModified\":\"2021-10-11T00:02:54+00:00\",\"description\":\"We create photorealistic virtual tours from blueprints or 3D models. Besides being able to visit a model house, your clients can also visualize the house at different times of the day, and with different alternatives.\",\"breadcrumb\":{\"@id\":\"https:\\\/\\\/www.wavefunctionvr.com\\\/services\\\/3d-modeling-rendering\\\/virtual-tour-photorealistic-360-rendering\\\/#breadcrumb\"},\"inLanguage\":\"pt-PT\",\"potentialAction\":[{\"@type\":\"ReadAction\",\"target\":[\"https:\\\/\\\/www.wavefunctionvr.com\\\/services\\\/3d-modeling-rendering\\\/virtual-tour-photorealistic-360-rendering\\\/\"]}]},{\"@type\":\"ImageObject\",\"inLanguage\":\"pt-PT\",\"@id\":\"https:\\\/\\\/www.wavefunctionvr.com\\\/services\\\/3d-modeling-rendering\\\/virtual-tour-photorealistic-360-rendering\\\/#primaryimage\",\"url\":\"https:\\/\\/www.wavefunctionvr.com\\/wp-content\\/uploads\\/2021\\/10\\/Screenshot-at-Oct-11-00-53-38.png\",\"contentUrl\":\"https:\\/\\/www.wavefunctionvr.com\\/wp-content\\/uploads\\/2021\\/10\\/Screenshot-at-Oct-11-00-53-38.png\",\"width\":1439,\"height\":561},{\"@type\":\"BreadcrumbList\",\"@id\":\"https:\\\/\\\/www.wavefunctionvr.com\\\/services\\\/3d-modeling-rendering\\\/virtual-tour-photorealistic-360-rendering\\\/#breadcrumb\",\"itemListElement\":[{\"@type\":\"ListItem\",\"position\":1,\"name\":\"Home\",\"item\":\"https:\\\/\\\/www.wavefunctionvr.com\\\/\"},{\"@type\":\"ListItem\",\"position\":2,\"name\":\"Services\",\"item\":\"https:\\\/\\\/www.wavefunctionvr.com\\\/services\\\/\"},{\"@type\":\"ListItem\",\"position\":3,\"name\":\"3D Modeling and Rendering\",\"item\":\"https:\\\/\\\/www.wavefunctionvr.com\\\/services\\\/3d-modeling-rendering\\\/\"},{\"@type\":\"ListItem\",\"position\":4,\"name\":\"Virtual Tour with 360\u00ba Renders\"}]},{\"@type\":\"WebSite\",\"@id\":\"https:\\\/\\\/www.wavefunctionvr.com\\\/#website\",\"url\":\"https:\\\/\\\/www.wavefunctionvr.com\\\/\",\"name\":\"WaveFunction VR\",\"description\":\"Interactive multiplayer Virtual Reality, immersive content - we create immersive experiences\",\"publisher\":{\"@id\":\"https:\\\/\\\/www.wavefunctionvr.com\\\/#organization\"},\"potentialAction\":[{\"@type\":\"SearchAction\",\"target\":{\"@type\":\"EntryPoint\",\"urlTemplate\":\"https:\\\/\\\/www.wavefunctionvr.com\\\/?s={search_term_string}\"},\"query-input\":{\"@type\":\"PropertyValueSpecification\",\"valueRequired\":true,\"valueName\":\"search_term_string\"}}],\"inLanguage\":\"pt-PT\"},{\"@type\":\"Organization\",\"@id\":\"https:\\\/\\\/www.wavefunctionvr.com\\\/#organization\",\"name\":\"WaveFunction, Lda\",\"url\":\"https:\\\/\\\/www.wavefunctionvr.com\\\/\",\"logo\":{\"@type\":\"ImageObject\",\"inLanguage\":\"pt-PT\",\"@id\":\"https:\\\/\\\/www.wavefunctionvr.com\\\/#\\\/schema\\\/logo\\\/image\\\/\",\"url\":\"https:\\/\\/www.wavefunctionvr.com\\/wp-content\\/uploads\\/2020\\/07\\/FundoTransparenteLogoEscuro.png\",\"contentUrl\":\"https:\\/\\/www.wavefunctionvr.com\\/wp-content\\/uploads\\/2020\\/07\\/FundoTransparenteLogoEscuro.png\",\"width\":2048,\"height\":2048,\"caption\":\"WaveFunction, Lda\"},\"image\":{\"@id\":\"https:\\\/\\\/www.wavefunctionvr.com\\\/#\\\/schema\\\/logo\\\/image\\\/\"},\"sameAs\":[\"https:\\\/\\\/www.facebook.com\\\/wavefunction.pt\\\/\",\"https:\\\/\\\/x.com\\\/wavefunctionvr\",\"https:\\\/\\\/www.instagram.com\\\/wavefunctionvr\\\/\",\"https:\\\/\\\/www.linkedin.com\\\/company\\\/wavefunction-vr\",\"https:\\\/\\\/www.youtube.com\\\/channel\\\/UCYUfCcKJq-L9_1IRtiVX6Ig\"]}]}<\/script>\n<!-- \/ Yoast SEO plugin. -->","yoast_head_json":{"title":"Tour Virtual com Renderiza\u00e7\u00e3o Fotorreal\u00edstica 360\u00ba","description":"Criamos visitas virtuais fotorealistas a partir de plantas ou modelos 3D. Al\u00e9m de poderem visitar uma casa modelo, os seus clientes tamb\u00e9m podem visualizar a casa em diferentes hor\u00e1rios do dia e com diferentes alternativas de materiais.","robots":{"index":"index","follow":"follow","max-snippet":"max-snippet:-1","max-image-preview":"max-image-preview:large","max-video-preview":"max-video-preview:-1"},"canonical":"https:\/\/www.wavefunctionvr.com\/pt\/services\/3d-modeling-rendering\/virtual-tour-photorealistic-360-rendering\/","og_locale":"pt_PT","og_type":"article","og_title":"Virtual Tour with 360\u00ba Photorealistic Rendering","og_description":"We create photorealistic virtual tours from blueprints or 3D models. Besides being able to visit a model house, your clients can also visualize the house at different times of the day, and with different alternatives.","og_url":"https:\/\/www.wavefunctionvr.com\/pt\/services\/3d-modeling-rendering\/virtual-tour-photorealistic-360-rendering\/","og_site_name":"WaveFunction VR","article_publisher":"https:\/\/www.facebook.com\/wavefunction.pt\/","article_modified_time":"2021-10-11T00:02:54+00:00","og_image":[{"width":1024,"height":399,"url":"https:\/\/mlmf3ktkcsex.i.optimole.com\/w:1024\/h:399\/q:mauto\/f:best\/ig:avif\/https:\/\/www.wavefunctionvr.com\/wp-content\/uploads\/2021\/10\/Screenshot-at-Oct-11-00-53-38.png","type":"image\/png"}],"twitter_card":"summary_large_image","twitter_site":"@wavefunctionvr","twitter_misc":{"Tempo estimado de leitura":"1 minuto"},"schema":{"@context":"https:\/\/schema.org","@graph":[{"@type":"WebPage","@id":"https:\/\/www.wavefunctionvr.com\/services\/3d-modeling-rendering\/virtual-tour-photorealistic-360-rendering\/","url":"https:\/\/www.wavefunctionvr.com\/services\/3d-modeling-rendering\/virtual-tour-photorealistic-360-rendering\/","name":"Tour Virtual com Renderiza\u00e7\u00e3o Fotorreal\u00edstica 360\u00ba","isPartOf":{"@id":"https:\/\/www.wavefunctionvr.com\/#website"},"primaryImageOfPage":{"@id":"https:\/\/www.wavefunctionvr.com\/services\/3d-modeling-rendering\/virtual-tour-photorealistic-360-rendering\/#primaryimage"},"image":{"@id":"https:\/\/www.wavefunctionvr.com\/services\/3d-modeling-rendering\/virtual-tour-photorealistic-360-rendering\/#primaryimage"},"thumbnailUrl":"https:\/\/mlmf3ktkcsex.i.optimole.com\/w:auto\/h:auto\/q:mauto\/f:best\/ig:avif\/https:\/\/www.wavefunctionvr.com\/wp-content\/uploads\/2021\/10\/Screenshot-at-Oct-11-00-53-38.png","datePublished":"2021-01-15T00:11:10+00:00","dateModified":"2021-10-11T00:02:54+00:00","description":"Criamos visitas virtuais fotorealistas a partir de plantas ou modelos 3D. Al\u00e9m de poderem visitar uma casa modelo, os seus clientes tamb\u00e9m podem visualizar a casa em diferentes hor\u00e1rios do dia e com diferentes alternativas de materiais.","breadcrumb":{"@id":"https:\/\/www.wavefunctionvr.com\/services\/3d-modeling-rendering\/virtual-tour-photorealistic-360-rendering\/#breadcrumb"},"inLanguage":"pt-PT","potentialAction":[{"@type":"ReadAction","target":["https:\/\/www.wavefunctionvr.com\/services\/3d-modeling-rendering\/virtual-tour-photorealistic-360-rendering\/"]}]},{"@type":"ImageObject","inLanguage":"pt-PT","@id":"https:\/\/www.wavefunctionvr.com\/services\/3d-modeling-rendering\/virtual-tour-photorealistic-360-rendering\/#primaryimage","url":"https:\/\/mlmf3ktkcsex.i.optimole.com\/w:auto\/h:auto\/q:mauto\/f:best\/ig:avif\/https:\/\/www.wavefunctionvr.com\/wp-content\/uploads\/2021\/10\/Screenshot-at-Oct-11-00-53-38.png","contentUrl":"https:\/\/mlmf3ktkcsex.i.optimole.com\/w:auto\/h:auto\/q:mauto\/f:best\/ig:avif\/https:\/\/www.wavefunctionvr.com\/wp-content\/uploads\/2021\/10\/Screenshot-at-Oct-11-00-53-38.png","width":1439,"height":561},{"@type":"BreadcrumbList","@id":"https:\/\/www.wavefunctionvr.com\/services\/3d-modeling-rendering\/virtual-tour-photorealistic-360-rendering\/#breadcrumb","itemListElement":[{"@type":"ListItem","position":1,"name":"Home","item":"https:\/\/www.wavefunctionvr.com\/"},{"@type":"ListItem","position":2,"name":"Services","item":"https:\/\/www.wavefunctionvr.com\/services\/"},{"@type":"ListItem","position":3,"name":"3D Modeling and Rendering","item":"https:\/\/www.wavefunctionvr.com\/services\/3d-modeling-rendering\/"},{"@type":"ListItem","position":4,"name":"Virtual Tour with 360\u00ba Renders"}]},{"@type":"WebSite","@id":"https:\/\/www.wavefunctionvr.com\/#website","url":"https:\/\/www.wavefunctionvr.com\/","name":"WaveFunction VR","description":"Realidade Virtual interativa multijogador, conte\u00fado imersivo - criamos experi\u00eancias imersivas","publisher":{"@id":"https:\/\/www.wavefunctionvr.com\/#organization"},"potentialAction":[{"@type":"SearchAction","target":{"@type":"EntryPoint","urlTemplate":"https:\/\/www.wavefunctionvr.com\/?s={search_term_string}"},"query-input":{"@type":"PropertyValueSpecification","valueRequired":true,"valueName":"search_term_string"}}],"inLanguage":"pt-PT"},{"@type":"Organization","@id":"https:\/\/www.wavefunctionvr.com\/#organization","name":"WaveFunction, Lda","url":"https:\/\/www.wavefunctionvr.com\/","logo":{"@type":"ImageObject","inLanguage":"pt-PT","@id":"https:\/\/www.wavefunctionvr.com\/#\/schema\/logo\/image\/","url":"https:\/\/mlmf3ktkcsex.i.optimole.com\/w:auto\/h:auto\/q:mauto\/f:best\/ig:avif\/https:\/\/www.wavefunctionvr.com\/wp-content\/uploads\/2020\/07\/FundoTransparenteLogoEscuro.png","contentUrl":"https:\/\/mlmf3ktkcsex.i.optimole.com\/w:auto\/h:auto\/q:mauto\/f:best\/ig:avif\/https:\/\/www.wavefunctionvr.com\/wp-content\/uploads\/2020\/07\/FundoTransparenteLogoEscuro.png","width":2048,"height":2048,"caption":"WaveFunction, Lda"},"image":{"@id":"https:\/\/www.wavefunctionvr.com\/#\/schema\/logo\/image\/"},"sameAs":["https:\/\/www.facebook.com\/wavefunction.pt\/","https:\/\/x.com\/wavefunctionvr","https:\/\/www.instagram.com\/wavefunctionvr\/","https:\/\/www.linkedin.com\/company\/wavefunction-vr","https:\/\/www.youtube.com\/channel\/UCYUfCcKJq-L9_1IRtiVX6Ig"]}]}},"_links":{"self":[{"href":"https:\/\/www.wavefunctionvr.com\/pt\/wp-json\/wp\/v2\/pages\/7345","targetHints":{"allow":["GET"]}}],"collection":[{"href":"https:\/\/www.wavefunctionvr.com\/pt\/wp-json\/wp\/v2\/pages"}],"about":[{"href":"https:\/\/www.wavefunctionvr.com\/pt\/wp-json\/wp\/v2\/types\/page"}],"author":[{"embeddable":true,"href":"https:\/\/www.wavefunctionvr.com\/pt\/wp-json\/wp\/v2\/users\/1"}],"replies":[{"embeddable":true,"href":"https:\/\/www.wavefunctionvr.com\/pt\/wp-json\/wp\/v2\/comments?post=7345"}],"version-history":[{"count":0,"href":"https:\/\/www.wavefunctionvr.com\/pt\/wp-json\/wp\/v2\/pages\/7345\/revisions"}],"up":[{"embeddable":true,"href":"https:\/\/www.wavefunctionvr.com\/pt\/wp-json\/wp\/v2\/pages\/5539"}],"wp:featuredmedia":[{"embeddable":true,"href":"https:\/\/www.wavefunctionvr.com\/pt\/wp-json\/wp\/v2\/media\/10635"}],"wp:attachment":[{"href":"https:\/\/www.wavefunctionvr.com\/pt\/wp-json\/wp\/v2\/media?parent=7345"}],"curies":[{"name":"wp","href":"https:\/\/api.w.org\/{rel}","templated":true}]}}