{"id":7250,"date":"2021-01-14T23:58:54","date_gmt":"2021-01-14T23:58:54","guid":{"rendered":"https:\/\/www.wavefunctionvr.com\/html\/wordpress\/?page_id=7250"},"modified":"2021-10-11T03:28:46","modified_gmt":"2021-10-11T02:28:46","slug":"180-3d-video","status":"publish","type":"page","link":"https:\/\/www.wavefunctionvr.com\/pt\/services\/virtual-tours\/180-3d-video\/","title":{"rendered":"V\u00eddeo 3D 180\u00ba"},"content":{"rendered":"<div data-elementor-type=\"wp-page\" data-elementor-id=\"7250\" class=\"elementor elementor-7250\" data-elementor-post-type=\"page\">\n\t\t\t\t\t\t<section class=\"elementor-section elementor-top-section elementor-element elementor-element-509778ce elementor-section-height-min-height elementor-section-items-top elementor-section-boxed elementor-section-height-default\" data-id=\"509778ce\" data-element_type=\"section\" data-e-type=\"section\" data-settings=\"{&quot;background_background&quot;:&quot;classic&quot;}\">\n\t\t\t\t\t\t<div class=\"elementor-container elementor-column-gap-default\">\n\t\t\t\t\t<div class=\"elementor-column elementor-col-100 elementor-top-column elementor-element elementor-element-3e858bbf\" data-id=\"3e858bbf\" data-element_type=\"column\" data-e-type=\"column\">\n\t\t\t<div class=\"elementor-widget-wrap\">\n\t\t\t\t\t\t\t<\/div>\n\t\t<\/div>\n\t\t\t\t\t<\/div>\n\t\t<\/section>\n\t\t\t\t<section class=\"elementor-section elementor-top-section elementor-element elementor-element-56cdb324 elementor-section-height-min-height elementor-section-items-top elementor-section-boxed elementor-section-height-default\" data-id=\"56cdb324\" data-element_type=\"section\" data-e-type=\"section\" data-settings=\"{&quot;background_background&quot;:&quot;classic&quot;}\">\n\t\t\t\t\t\t<div class=\"elementor-container elementor-column-gap-default\">\n\t\t\t\t\t<div class=\"elementor-column elementor-col-100 elementor-top-column elementor-element elementor-element-75ba7e0b\" data-id=\"75ba7e0b\" data-element_type=\"column\" data-e-type=\"column\">\n\t\t\t<div class=\"elementor-widget-wrap elementor-element-populated\">\n\t\t\t\t\t\t<div class=\"elementor-element elementor-element-703dbe38 elementor-widget elementor-widget-spacer\" data-id=\"703dbe38\" data-element_type=\"widget\" data-e-type=\"widget\" data-widget_type=\"spacer.default\">\n\t\t\t\t<div class=\"elementor-widget-container\">\n\t\t\t\t\t\t\t<div class=\"elementor-spacer\">\n\t\t\t<div class=\"elementor-spacer-inner\"><\/div>\n\t\t<\/div>\n\t\t\t\t\t\t<\/div>\n\t\t\t\t<\/div>\n\t\t\t\t<div class=\"elementor-element elementor-element-4aa96e3 elementor-widget elementor-widget-global elementor-global-6969 elementor-widget-breadcrumbs\" data-id=\"4aa96e3\" data-element_type=\"widget\" data-e-type=\"widget\" data-widget_type=\"breadcrumbs.default\">\n\t\t\t\t<div class=\"elementor-widget-container\">\n\t\t\t\t\t<p id=\"breadcrumbs\"><span><span><a href=\"https:\/\/www.wavefunctionvr.com\/pt\/\">In\u00edcio<\/a><\/span><\/span><\/p>\t\t\t\t<\/div>\n\t\t\t\t<\/div>\n\t\t\t\t<div class=\"elementor-element elementor-element-2d9025f8 elementor-widget elementor-widget-spacer\" data-id=\"2d9025f8\" data-element_type=\"widget\" data-e-type=\"widget\" data-widget_type=\"spacer.default\">\n\t\t\t\t<div class=\"elementor-widget-container\">\n\t\t\t\t\t\t\t<div class=\"elementor-spacer\">\n\t\t\t<div class=\"elementor-spacer-inner\"><\/div>\n\t\t<\/div>\n\t\t\t\t\t\t<\/div>\n\t\t\t\t<\/div>\n\t\t\t\t<div class=\"elementor-element elementor-element-5b3e0f9 elementor-widget elementor-widget-heading\" data-id=\"5b3e0f9\" data-element_type=\"widget\" data-e-type=\"widget\" data-widget_type=\"heading.default\">\n\t\t\t\t<div class=\"elementor-widget-container\">\n\t\t\t\t\t<h1 class=\"elementor-heading-title elementor-size-default\">V\u00eddeo 3D, com presen\u00e7a de realidade virtual<\/h1>\t\t\t\t<\/div>\n\t\t\t\t<\/div>\n\t\t\t\t<div class=\"elementor-element elementor-element-705c22c elementor-widget elementor-widget-text-editor\" data-id=\"705c22c\" data-element_type=\"widget\" data-e-type=\"widget\" data-widget_type=\"text-editor.default\">\n\t\t\t\t<div class=\"elementor-widget-container\">\n\t\t\t\t\t\t\t\t\t<p>V\u00eddeo 180\u00ba 3D \u00e9 gravado usando uma c\u00e2mera com duas lentes, uma para cada olho. Quando reproduzidos em um dispositivo de realidade virtual, esses v\u00eddeos s\u00e3o vistos em 3D (com profundidade) e transmitem uma sensa\u00e7\u00e3o de presen\u00e7a muito forte.<\/p><p>Gravamos, editamos e p\u00f3s-produzimos v\u00eddeos imersivos em 3D de 180\u00ba. Contate-Nos!<\/p>\t\t\t\t\t\t\t\t<\/div>\n\t\t\t\t<\/div>\n\t\t\t\t<div class=\"elementor-element elementor-element-706b621 elementor-widget elementor-widget-image\" data-id=\"706b621\" data-element_type=\"widget\" data-e-type=\"widget\" data-widget_type=\"image.default\">\n\t\t\t\t<div class=\"elementor-widget-container\">\n\t\t\t\t\t\t\t\t\t\t\t\t\t\t\t<img data-opt-id=770834424  fetchpriority=\"high\" decoding=\"async\" src=\"https:\/\/mlmf3ktkcsex.i.optimole.com\/w:auto\/h:auto\/q:mauto\/f:best\/ig:avif\/https:\/\/www.wavefunctionvr.com\/wp-content\/uploads\/elementor\/thumbs\/maxresdefault-p1dk4ut00aliem9r0a91c731xjaw2rdiga03ccynk0.jpg\" title=\"maxresdefault\" alt=\"maxresdefault\" loading=\"lazy\" \/>\t\t\t\t\t\t\t\t\t\t\t\t\t\t\t<\/div>\n\t\t\t\t<\/div>\n\t\t\t\t<div class=\"elementor-element elementor-element-272df4a elementor-widget elementor-widget-spacer\" data-id=\"272df4a\" data-element_type=\"widget\" data-e-type=\"widget\" data-widget_type=\"spacer.default\">\n\t\t\t\t<div class=\"elementor-widget-container\">\n\t\t\t\t\t\t\t<div class=\"elementor-spacer\">\n\t\t\t<div class=\"elementor-spacer-inner\"><\/div>\n\t\t<\/div>\n\t\t\t\t\t\t<\/div>\n\t\t\t\t<\/div>\n\t\t\t\t<div class=\"elementor-element elementor-element-867b62f elementor-widget elementor-widget-image\" data-id=\"867b62f\" data-element_type=\"widget\" data-e-type=\"widget\" data-widget_type=\"image.default\">\n\t\t\t\t<div class=\"elementor-widget-container\">\n\t\t\t\t\t\t\t\t\t\t\t\t\t\t\t<img data-opt-id=2026598679  fetchpriority=\"high\" decoding=\"async\" src=\"https:\/\/mlmf3ktkcsex.i.optimole.com\/w:auto\/h:auto\/q:mauto\/f:best\/ig:avif\/https:\/\/www.wavefunctionvr.com\/wp-content\/uploads\/elementor\/thumbs\/realcampus-p1dkbaz4wdg0m7pnjv0u6lhx4bnlf2cmsdqfb98dps.png\" title=\"realcampus\" alt=\"realcampus\" loading=\"lazy\" \/>\t\t\t\t\t\t\t\t\t\t\t\t\t\t\t<\/div>\n\t\t\t\t<\/div>\n\t\t\t\t<div class=\"elementor-element elementor-element-3ab93fc elementor-widget elementor-widget-spacer\" data-id=\"3ab93fc\" data-element_type=\"widget\" data-e-type=\"widget\" data-widget_type=\"spacer.default\">\n\t\t\t\t<div class=\"elementor-widget-container\">\n\t\t\t\t\t\t\t<div class=\"elementor-spacer\">\n\t\t\t<div class=\"elementor-spacer-inner\"><\/div>\n\t\t<\/div>\n\t\t\t\t\t\t<\/div>\n\t\t\t\t<\/div>\n\t\t\t\t\t<\/div>\n\t\t<\/div>\n\t\t\t\t\t<\/div>\n\t\t<\/section>\n\t\t\t\t<\/div>","protected":false},"excerpt":{"rendered":"<p>3D video, with the presence of virtual reality 180\u00ba 3D video is recorded using a camera with two lenses, one for each eye. When played back on a virtual reality device, these videos are viewed in 3D (with depth) and convey a very strong sense of presence. We record, edit, and post-produce 180\u00ba 3D immersive [&hellip;]<\/p>\n","protected":false},"author":1,"featured_media":7174,"parent":5402,"menu_order":0,"comment_status":"closed","ping_status":"closed","template":"","meta":{"footnotes":""},"class_list":["post-7250","page","type-page","status-publish","has-post-thumbnail","hentry"],"yoast_head":"<!-- This site is optimized with the Yoast SEO plugin v27.5 - https:\/\/yoast.com\/product\/yoast-seo-wordpress\/ -->\n<title>180\u00ba 3D Video Production for Virtual Reality<\/title>\n<meta name=\"description\" content=\"180\u00ba 3D video is recorded using a camera with two lenses, one for each eye.\" \/>\n<meta name=\"robots\" content=\"index, follow, max-snippet:-1, max-image-preview:large, max-video-preview:-1\" \/>\n<link rel=\"canonical\" href=\"https:\/\/www.wavefunctionvr.com\/pt\/services\/virtual-tours\/180-3d-video\/\" \/>\n<meta property=\"og:locale\" content=\"pt_PT\" \/>\n<meta property=\"og:type\" content=\"article\" \/>\n<meta property=\"og:title\" content=\"180\u00ba 3D Video Production for Virtual Reality\" \/>\n<meta property=\"og:description\" content=\"180\u00ba 3D video is recorded using a camera with two lenses, one for each eye.\" \/>\n<meta property=\"og:url\" content=\"https:\/\/www.wavefunctionvr.com\/pt\/services\/virtual-tours\/180-3d-video\/\" \/>\n<meta property=\"og:site_name\" content=\"WaveFunction VR\" \/>\n<meta property=\"article:publisher\" content=\"https:\/\/www.facebook.com\/wavefunction.pt\/\" \/>\n<meta property=\"article:modified_time\" content=\"2021-10-11T02:28:46+00:00\" \/>\n<meta property=\"og:image\" content=\"https:\/\/mlmf3ktkcsex.i.optimole.com\/w:auto\/h:auto\/q:mauto\/f:best\/ig:avif\/https:\/\/www.wavefunctionvr.com\/wp-content\/uploads\/2021\/01\/vuze-xr-review-5-640x640-1.jpg\" \/>\n\t<meta property=\"og:image:width\" content=\"640\" \/>\n\t<meta property=\"og:image:height\" content=\"427\" \/>\n\t<meta property=\"og:image:type\" content=\"image\/jpeg\" \/>\n<meta name=\"twitter:card\" content=\"summary_large_image\" \/>\n<meta name=\"twitter:site\" content=\"@wavefunctionvr\" \/>\n<meta name=\"twitter:label1\" content=\"Tempo estimado de leitura\" \/>\n\t<meta name=\"twitter:data1\" content=\"1 minuto\" \/>\n<script type=\"application\/ld+json\" class=\"yoast-schema-graph\">{\"@context\":\"https:\\\/\\\/schema.org\",\"@graph\":[{\"@type\":\"WebPage\",\"@id\":\"https:\\\/\\\/www.wavefunctionvr.com\\\/services\\\/virtual-tours\\\/180-3d-video\\\/\",\"url\":\"https:\\\/\\\/www.wavefunctionvr.com\\\/services\\\/virtual-tours\\\/180-3d-video\\\/\",\"name\":\"180\u00ba 3D Video Production for Virtual Reality\",\"isPartOf\":{\"@id\":\"https:\\\/\\\/www.wavefunctionvr.com\\\/#website\"},\"primaryImageOfPage\":{\"@id\":\"https:\\\/\\\/www.wavefunctionvr.com\\\/services\\\/virtual-tours\\\/180-3d-video\\\/#primaryimage\"},\"image\":{\"@id\":\"https:\\\/\\\/www.wavefunctionvr.com\\\/services\\\/virtual-tours\\\/180-3d-video\\\/#primaryimage\"},\"thumbnailUrl\":\"https:\\/\\/www.wavefunctionvr.com\\/wp-content\\/uploads\\/2021\\/01\\/vuze-xr-review-5-640x640-1.jpg\",\"datePublished\":\"2021-01-14T23:58:54+00:00\",\"dateModified\":\"2021-10-11T02:28:46+00:00\",\"description\":\"180\u00ba 3D video is recorded using a camera with two lenses, one for each eye.\",\"breadcrumb\":{\"@id\":\"https:\\\/\\\/www.wavefunctionvr.com\\\/services\\\/virtual-tours\\\/180-3d-video\\\/#breadcrumb\"},\"inLanguage\":\"pt-PT\",\"potentialAction\":[{\"@type\":\"ReadAction\",\"target\":[\"https:\\\/\\\/www.wavefunctionvr.com\\\/services\\\/virtual-tours\\\/180-3d-video\\\/\"]}]},{\"@type\":\"ImageObject\",\"inLanguage\":\"pt-PT\",\"@id\":\"https:\\\/\\\/www.wavefunctionvr.com\\\/services\\\/virtual-tours\\\/180-3d-video\\\/#primaryimage\",\"url\":\"https:\\/\\/www.wavefunctionvr.com\\/wp-content\\/uploads\\/2021\\/01\\/vuze-xr-review-5-640x640-1.jpg\",\"contentUrl\":\"https:\\/\\/www.wavefunctionvr.com\\/wp-content\\/uploads\\/2021\\/01\\/vuze-xr-review-5-640x640-1.jpg\",\"width\":640,\"height\":427,\"caption\":\"Camara 180\u00ba 3D\"},{\"@type\":\"BreadcrumbList\",\"@id\":\"https:\\\/\\\/www.wavefunctionvr.com\\\/services\\\/virtual-tours\\\/180-3d-video\\\/#breadcrumb\",\"itemListElement\":[{\"@type\":\"ListItem\",\"position\":1,\"name\":\"Home\",\"item\":\"https:\\\/\\\/www.wavefunctionvr.com\\\/\"},{\"@type\":\"ListItem\",\"position\":2,\"name\":\"Services\",\"item\":\"https:\\\/\\\/www.wavefunctionvr.com\\\/services\\\/\"},{\"@type\":\"ListItem\",\"position\":3,\"name\":\"Virtual Tours and Reality Capture\",\"item\":\"https:\\\/\\\/www.wavefunctionvr.com\\\/services\\\/virtual-tours\\\/\"},{\"@type\":\"ListItem\",\"position\":4,\"name\":\"180\u00ba 3D Video\"}]},{\"@type\":\"WebSite\",\"@id\":\"https:\\\/\\\/www.wavefunctionvr.com\\\/#website\",\"url\":\"https:\\\/\\\/www.wavefunctionvr.com\\\/\",\"name\":\"WaveFunction VR\",\"description\":\"Interactive multiplayer Virtual Reality, immersive content - we create immersive experiences\",\"publisher\":{\"@id\":\"https:\\\/\\\/www.wavefunctionvr.com\\\/#organization\"},\"potentialAction\":[{\"@type\":\"SearchAction\",\"target\":{\"@type\":\"EntryPoint\",\"urlTemplate\":\"https:\\\/\\\/www.wavefunctionvr.com\\\/?s={search_term_string}\"},\"query-input\":{\"@type\":\"PropertyValueSpecification\",\"valueRequired\":true,\"valueName\":\"search_term_string\"}}],\"inLanguage\":\"pt-PT\"},{\"@type\":\"Organization\",\"@id\":\"https:\\\/\\\/www.wavefunctionvr.com\\\/#organization\",\"name\":\"WaveFunction, Lda\",\"url\":\"https:\\\/\\\/www.wavefunctionvr.com\\\/\",\"logo\":{\"@type\":\"ImageObject\",\"inLanguage\":\"pt-PT\",\"@id\":\"https:\\\/\\\/www.wavefunctionvr.com\\\/#\\\/schema\\\/logo\\\/image\\\/\",\"url\":\"https:\\/\\/www.wavefunctionvr.com\\/wp-content\\/uploads\\/2020\\/07\\/FundoTransparenteLogoEscuro.png\",\"contentUrl\":\"https:\\/\\/www.wavefunctionvr.com\\/wp-content\\/uploads\\/2020\\/07\\/FundoTransparenteLogoEscuro.png\",\"width\":2048,\"height\":2048,\"caption\":\"WaveFunction, Lda\"},\"image\":{\"@id\":\"https:\\\/\\\/www.wavefunctionvr.com\\\/#\\\/schema\\\/logo\\\/image\\\/\"},\"sameAs\":[\"https:\\\/\\\/www.facebook.com\\\/wavefunction.pt\\\/\",\"https:\\\/\\\/x.com\\\/wavefunctionvr\",\"https:\\\/\\\/www.instagram.com\\\/wavefunctionvr\\\/\",\"https:\\\/\\\/www.linkedin.com\\\/company\\\/wavefunction-vr\",\"https:\\\/\\\/www.youtube.com\\\/channel\\\/UCYUfCcKJq-L9_1IRtiVX6Ig\"]}]}<\/script>\n<!-- \/ Yoast SEO plugin. -->","yoast_head_json":{"title":"180\u00ba Produ\u00e7\u00e3o de V\u00eddeo 3D para Realidade Virtual","description":"V\u00eddeo 180\u00ba 3D \u00e9 gravado usando uma c\u00e2mera com duas lentes, uma para cada olho.","robots":{"index":"index","follow":"follow","max-snippet":"max-snippet:-1","max-image-preview":"max-image-preview:large","max-video-preview":"max-video-preview:-1"},"canonical":"https:\/\/www.wavefunctionvr.com\/pt\/services\/virtual-tours\/180-3d-video\/","og_locale":"pt_PT","og_type":"article","og_title":"180\u00ba 3D Video Production for Virtual Reality","og_description":"180\u00ba 3D video is recorded using a camera with two lenses, one for each eye.","og_url":"https:\/\/www.wavefunctionvr.com\/pt\/services\/virtual-tours\/180-3d-video\/","og_site_name":"WaveFunction VR","article_publisher":"https:\/\/www.facebook.com\/wavefunction.pt\/","article_modified_time":"2021-10-11T02:28:46+00:00","og_image":[{"width":640,"height":427,"url":"https:\/\/mlmf3ktkcsex.i.optimole.com\/w:auto\/h:auto\/q:mauto\/f:best\/ig:avif\/https:\/\/www.wavefunctionvr.com\/wp-content\/uploads\/2021\/01\/vuze-xr-review-5-640x640-1.jpg","type":"image\/jpeg"}],"twitter_card":"summary_large_image","twitter_site":"@wavefunctionvr","twitter_misc":{"Tempo estimado de leitura":"1 minuto"},"schema":{"@context":"https:\/\/schema.org","@graph":[{"@type":"WebPage","@id":"https:\/\/www.wavefunctionvr.com\/services\/virtual-tours\/180-3d-video\/","url":"https:\/\/www.wavefunctionvr.com\/services\/virtual-tours\/180-3d-video\/","name":"180\u00ba Produ\u00e7\u00e3o de V\u00eddeo 3D para Realidade Virtual","isPartOf":{"@id":"https:\/\/www.wavefunctionvr.com\/#website"},"primaryImageOfPage":{"@id":"https:\/\/www.wavefunctionvr.com\/services\/virtual-tours\/180-3d-video\/#primaryimage"},"image":{"@id":"https:\/\/www.wavefunctionvr.com\/services\/virtual-tours\/180-3d-video\/#primaryimage"},"thumbnailUrl":"https:\/\/mlmf3ktkcsex.i.optimole.com\/w:auto\/h:auto\/q:mauto\/f:best\/ig:avif\/https:\/\/www.wavefunctionvr.com\/wp-content\/uploads\/2021\/01\/vuze-xr-review-5-640x640-1.jpg","datePublished":"2021-01-14T23:58:54+00:00","dateModified":"2021-10-11T02:28:46+00:00","description":"V\u00eddeo 180\u00ba 3D \u00e9 gravado usando uma c\u00e2mera com duas lentes, uma para cada olho.","breadcrumb":{"@id":"https:\/\/www.wavefunctionvr.com\/services\/virtual-tours\/180-3d-video\/#breadcrumb"},"inLanguage":"pt-PT","potentialAction":[{"@type":"ReadAction","target":["https:\/\/www.wavefunctionvr.com\/services\/virtual-tours\/180-3d-video\/"]}]},{"@type":"ImageObject","inLanguage":"pt-PT","@id":"https:\/\/www.wavefunctionvr.com\/services\/virtual-tours\/180-3d-video\/#primaryimage","url":"https:\/\/mlmf3ktkcsex.i.optimole.com\/w:auto\/h:auto\/q:mauto\/f:best\/ig:avif\/https:\/\/www.wavefunctionvr.com\/wp-content\/uploads\/2021\/01\/vuze-xr-review-5-640x640-1.jpg","contentUrl":"https:\/\/mlmf3ktkcsex.i.optimole.com\/w:auto\/h:auto\/q:mauto\/f:best\/ig:avif\/https:\/\/www.wavefunctionvr.com\/wp-content\/uploads\/2021\/01\/vuze-xr-review-5-640x640-1.jpg","width":640,"height":427,"caption":"Camara 180\u00ba 3D"},{"@type":"BreadcrumbList","@id":"https:\/\/www.wavefunctionvr.com\/services\/virtual-tours\/180-3d-video\/#breadcrumb","itemListElement":[{"@type":"ListItem","position":1,"name":"Home","item":"https:\/\/www.wavefunctionvr.com\/"},{"@type":"ListItem","position":2,"name":"Services","item":"https:\/\/www.wavefunctionvr.com\/services\/"},{"@type":"ListItem","position":3,"name":"Virtual Tours and Reality Capture","item":"https:\/\/www.wavefunctionvr.com\/services\/virtual-tours\/"},{"@type":"ListItem","position":4,"name":"180\u00ba 3D Video"}]},{"@type":"WebSite","@id":"https:\/\/www.wavefunctionvr.com\/#website","url":"https:\/\/www.wavefunctionvr.com\/","name":"WaveFunction VR","description":"Realidade Virtual interativa multijogador, conte\u00fado imersivo - criamos experi\u00eancias imersivas","publisher":{"@id":"https:\/\/www.wavefunctionvr.com\/#organization"},"potentialAction":[{"@type":"SearchAction","target":{"@type":"EntryPoint","urlTemplate":"https:\/\/www.wavefunctionvr.com\/?s={search_term_string}"},"query-input":{"@type":"PropertyValueSpecification","valueRequired":true,"valueName":"search_term_string"}}],"inLanguage":"pt-PT"},{"@type":"Organization","@id":"https:\/\/www.wavefunctionvr.com\/#organization","name":"WaveFunction, Lda","url":"https:\/\/www.wavefunctionvr.com\/","logo":{"@type":"ImageObject","inLanguage":"pt-PT","@id":"https:\/\/www.wavefunctionvr.com\/#\/schema\/logo\/image\/","url":"https:\/\/mlmf3ktkcsex.i.optimole.com\/w:auto\/h:auto\/q:mauto\/f:best\/ig:avif\/https:\/\/www.wavefunctionvr.com\/wp-content\/uploads\/2020\/07\/FundoTransparenteLogoEscuro.png","contentUrl":"https:\/\/mlmf3ktkcsex.i.optimole.com\/w:auto\/h:auto\/q:mauto\/f:best\/ig:avif\/https:\/\/www.wavefunctionvr.com\/wp-content\/uploads\/2020\/07\/FundoTransparenteLogoEscuro.png","width":2048,"height":2048,"caption":"WaveFunction, Lda"},"image":{"@id":"https:\/\/www.wavefunctionvr.com\/#\/schema\/logo\/image\/"},"sameAs":["https:\/\/www.facebook.com\/wavefunction.pt\/","https:\/\/x.com\/wavefunctionvr","https:\/\/www.instagram.com\/wavefunctionvr\/","https:\/\/www.linkedin.com\/company\/wavefunction-vr","https:\/\/www.youtube.com\/channel\/UCYUfCcKJq-L9_1IRtiVX6Ig"]}]}},"_links":{"self":[{"href":"https:\/\/www.wavefunctionvr.com\/pt\/wp-json\/wp\/v2\/pages\/7250","targetHints":{"allow":["GET"]}}],"collection":[{"href":"https:\/\/www.wavefunctionvr.com\/pt\/wp-json\/wp\/v2\/pages"}],"about":[{"href":"https:\/\/www.wavefunctionvr.com\/pt\/wp-json\/wp\/v2\/types\/page"}],"author":[{"embeddable":true,"href":"https:\/\/www.wavefunctionvr.com\/pt\/wp-json\/wp\/v2\/users\/1"}],"replies":[{"embeddable":true,"href":"https:\/\/www.wavefunctionvr.com\/pt\/wp-json\/wp\/v2\/comments?post=7250"}],"version-history":[{"count":0,"href":"https:\/\/www.wavefunctionvr.com\/pt\/wp-json\/wp\/v2\/pages\/7250\/revisions"}],"up":[{"embeddable":true,"href":"https:\/\/www.wavefunctionvr.com\/pt\/wp-json\/wp\/v2\/pages\/5402"}],"wp:featuredmedia":[{"embeddable":true,"href":"https:\/\/www.wavefunctionvr.com\/pt\/wp-json\/wp\/v2\/media\/7174"}],"wp:attachment":[{"href":"https:\/\/www.wavefunctionvr.com\/pt\/wp-json\/wp\/v2\/media?parent=7250"}],"curies":[{"name":"wp","href":"https:\/\/api.w.org\/{rel}","templated":true}]}}