{"id":7178,"date":"2021-01-14T23:04:45","date_gmt":"2021-01-14T23:04:45","guid":{"rendered":"https:\/\/www.wavefunctionvr.com\/html\/wordpress\/?page_id=7178"},"modified":"2021-10-11T03:29:13","modified_gmt":"2021-10-11T02:29:13","slug":"360-photography","status":"publish","type":"page","link":"https:\/\/www.wavefunctionvr.com\/pt\/services\/virtual-tours\/360-photography\/","title":{"rendered":"Passeios Virtuais de Fotografia 360\u00ba"},"content":{"rendered":"<div data-elementor-type=\"wp-page\" data-elementor-id=\"7178\" class=\"elementor elementor-7178\" data-elementor-post-type=\"page\">\n\t\t\t\t\t\t<section class=\"elementor-section elementor-top-section elementor-element elementor-element-7b506d4 elementor-section-height-min-height elementor-section-items-top elementor-section-boxed elementor-section-height-default\" data-id=\"7b506d4\" data-element_type=\"section\" data-e-type=\"section\" data-settings=\"{&quot;background_background&quot;:&quot;classic&quot;}\">\n\t\t\t\t\t\t<div class=\"elementor-container elementor-column-gap-default\">\n\t\t\t\t\t<div class=\"elementor-column elementor-col-100 elementor-top-column elementor-element elementor-element-1e7b0b48\" data-id=\"1e7b0b48\" data-element_type=\"column\" data-e-type=\"column\">\n\t\t\t<div class=\"elementor-widget-wrap\">\n\t\t\t\t\t\t\t<\/div>\n\t\t<\/div>\n\t\t\t\t\t<\/div>\n\t\t<\/section>\n\t\t\t\t<section class=\"elementor-section elementor-top-section elementor-element elementor-element-134da0e0 elementor-section-height-min-height elementor-section-items-top elementor-section-boxed elementor-section-height-default\" data-id=\"134da0e0\" data-element_type=\"section\" data-e-type=\"section\" data-settings=\"{&quot;background_background&quot;:&quot;classic&quot;}\">\n\t\t\t\t\t\t<div class=\"elementor-container elementor-column-gap-default\">\n\t\t\t\t\t<div class=\"elementor-column elementor-col-100 elementor-top-column elementor-element elementor-element-4606c9ba\" data-id=\"4606c9ba\" data-element_type=\"column\" data-e-type=\"column\">\n\t\t\t<div class=\"elementor-widget-wrap elementor-element-populated\">\n\t\t\t\t\t\t<div class=\"elementor-element elementor-element-3fadf515 elementor-widget elementor-widget-spacer\" data-id=\"3fadf515\" data-element_type=\"widget\" data-e-type=\"widget\" data-widget_type=\"spacer.default\">\n\t\t\t\t<div class=\"elementor-widget-container\">\n\t\t\t\t\t\t\t<div class=\"elementor-spacer\">\n\t\t\t<div class=\"elementor-spacer-inner\"><\/div>\n\t\t<\/div>\n\t\t\t\t\t\t<\/div>\n\t\t\t\t<\/div>\n\t\t\t\t<div class=\"elementor-element elementor-element-317570ea elementor-widget elementor-widget-breadcrumbs\" data-id=\"317570ea\" data-element_type=\"widget\" data-e-type=\"widget\" data-widget_type=\"breadcrumbs.default\">\n\t\t\t\t<div class=\"elementor-widget-container\">\n\t\t\t\t\t<p id=\"breadcrumbs\"><span><span><a href=\"https:\/\/www.wavefunctionvr.com\/pt\/\">In\u00edcio<\/a><\/span><\/span><\/p>\t\t\t\t<\/div>\n\t\t\t\t<\/div>\n\t\t\t\t<div class=\"elementor-element elementor-element-629f270 elementor-widget elementor-widget-spacer\" data-id=\"629f270\" data-element_type=\"widget\" data-e-type=\"widget\" data-widget_type=\"spacer.default\">\n\t\t\t\t<div class=\"elementor-widget-container\">\n\t\t\t\t\t\t\t<div class=\"elementor-spacer\">\n\t\t\t<div class=\"elementor-spacer-inner\"><\/div>\n\t\t<\/div>\n\t\t\t\t\t\t<\/div>\n\t\t\t\t<\/div>\n\t\t\t\t<div class=\"elementor-element elementor-element-5ba8760 elementor-widget elementor-widget-heading\" data-id=\"5ba8760\" data-element_type=\"widget\" data-e-type=\"widget\" data-widget_type=\"heading.default\">\n\t\t\t\t<div class=\"elementor-widget-container\">\n\t\t\t\t\t<h1 class=\"elementor-heading-title elementor-size-default\">Visitas virtuais com fotografia 360\u00ba de alta qualidade<\/h1>\t\t\t\t<\/div>\n\t\t\t\t<\/div>\n\t\t\t\t<div class=\"elementor-element elementor-element-632358a elementor-widget elementor-widget-text-editor\" data-id=\"632358a\" data-element_type=\"widget\" data-e-type=\"widget\" data-widget_type=\"text-editor.default\">\n\t\t\t\t<div class=\"elementor-widget-container\">\n\t\t\t\t\t\t\t\t\t<p>As nossas visitas virtuais s\u00e3o facilmente integradas com qualquer website e funcionam em smartphones. Recolhemos todo o conte\u00fado necess\u00e1rio on-site e desenvolvemos aplica\u00e7\u00f5es web e de realidade virtual para visualiz\u00e1-lo.<\/p>\t\t\t\t\t\t\t\t<\/div>\n\t\t\t\t<\/div>\n\t\t\t\t<div class=\"elementor-element elementor-element-8d12e69 elementor-widget elementor-widget-html\" data-id=\"8d12e69\" data-element_type=\"widget\" data-e-type=\"widget\" data-widget_type=\"html.default\">\n\t\t\t\t<div class=\"elementor-widget-container\">\n\t\t\t\t\t<iframe src=\"https:\/\/wfvrserver.ddns.net\/JASE-Hotels-Tour-DouroPalace\/\" style=\"border:0px #ffffff none;\" name=\"jase-tour\" scrolling=\"no\" frameborder=\"0\" marginheight=\"0px\" marginwidth=\"0px\" height=\"480px\" width=\"100%\" allowfullscreen><\/iframe>\t\t\t\t<\/div>\n\t\t\t\t<\/div>\n\t\t\t\t<div class=\"elementor-element elementor-element-5f31c88 elementor-widget elementor-widget-spacer\" data-id=\"5f31c88\" data-element_type=\"widget\" data-e-type=\"widget\" data-widget_type=\"spacer.default\">\n\t\t\t\t<div class=\"elementor-widget-container\">\n\t\t\t\t\t\t\t<div class=\"elementor-spacer\">\n\t\t\t<div class=\"elementor-spacer-inner\"><\/div>\n\t\t<\/div>\n\t\t\t\t\t\t<\/div>\n\t\t\t\t<\/div>\n\t\t\t\t<div class=\"elementor-element elementor-element-23f24a2 elementor-widget elementor-widget-heading\" data-id=\"23f24a2\" data-element_type=\"widget\" data-e-type=\"widget\" data-widget_type=\"heading.default\">\n\t\t\t\t<div class=\"elementor-widget-container\">\n\t\t\t\t\t<h2 class=\"elementor-heading-title elementor-size-default\">Resolu\u00e7\u00e3o 12K, HDR<\/h2>\t\t\t\t<\/div>\n\t\t\t\t<\/div>\n\t\t\t\t<div class=\"elementor-element elementor-element-4c574d8 elementor-widget elementor-widget-text-editor\" data-id=\"4c574d8\" data-element_type=\"widget\" data-e-type=\"widget\" data-widget_type=\"text-editor.default\">\n\t\t\t\t<div class=\"elementor-widget-container\">\n\t\t\t\t\t\t\t\t\t<p>N\u00e3o usamos c\u00e2maras point-and-shoot: as nossas visitas virtuais distinguem-se pela qualidade da fotografia. Fotos tiradas por profissionais, com equipamentos profissionais.<\/p>\t\t\t\t\t\t\t\t<\/div>\n\t\t\t\t<\/div>\n\t\t\t\t<div class=\"elementor-element elementor-element-553cf8e elementor-widget elementor-widget-image\" data-id=\"553cf8e\" data-element_type=\"widget\" data-e-type=\"widget\" data-widget_type=\"image.default\">\n\t\t\t\t<div class=\"elementor-widget-container\">\n\t\t\t\t\t\t\t\t\t\t\t\t\t\t\t<img data-opt-id=1915945848  fetchpriority=\"high\" decoding=\"async\" src=\"https:\/\/mlmf3ktkcsex.i.optimole.com\/w:auto\/h:auto\/q:mauto\/f:best\/ig:avif\/https:\/\/www.wavefunctionvr.com\/wp-content\/uploads\/elementor\/thumbs\/fotos_360-p1dh5imhkdnqlo6osdxr3s73uicy328zd02zfu443k.jpg\" title=\"fotos_360\" alt=\"Camara fotogr\u00e1fica junto a piscina infinita\" loading=\"lazy\" \/>\t\t\t\t\t\t\t\t\t\t\t\t\t\t\t<\/div>\n\t\t\t\t<\/div>\n\t\t\t\t<div class=\"elementor-element elementor-element-fcf07da elementor-widget elementor-widget-spacer\" data-id=\"fcf07da\" data-element_type=\"widget\" data-e-type=\"widget\" data-widget_type=\"spacer.default\">\n\t\t\t\t<div class=\"elementor-widget-container\">\n\t\t\t\t\t\t\t<div class=\"elementor-spacer\">\n\t\t\t<div class=\"elementor-spacer-inner\"><\/div>\n\t\t<\/div>\n\t\t\t\t\t\t<\/div>\n\t\t\t\t<\/div>\n\t\t\t\t<div class=\"elementor-element elementor-element-e5b75ad elementor-widget elementor-widget-video\" data-id=\"e5b75ad\" data-element_type=\"widget\" data-e-type=\"widget\" data-settings=\"{&quot;youtube_url&quot;:&quot;https:\\\/\\\/www.youtube.com\\\/watch?v=oXOv35sKO2o&quot;,&quot;mute&quot;:&quot;yes&quot;,&quot;video_type&quot;:&quot;youtube&quot;,&quot;controls&quot;:&quot;yes&quot;}\" data-widget_type=\"video.default\">\n\t\t\t\t<div class=\"elementor-widget-container\">\n\t\t\t\t\t\t\t<div class=\"elementor-wrapper elementor-open-inline\">\n\t\t\t<div class=\"elementor-video\"><\/div>\t\t<\/div>\n\t\t\t\t\t\t<\/div>\n\t\t\t\t<\/div>\n\t\t\t\t<div class=\"elementor-element elementor-element-eb11b65 elementor-widget elementor-widget-spacer\" data-id=\"eb11b65\" data-element_type=\"widget\" data-e-type=\"widget\" data-widget_type=\"spacer.default\">\n\t\t\t\t<div class=\"elementor-widget-container\">\n\t\t\t\t\t\t\t<div class=\"elementor-spacer\">\n\t\t\t<div class=\"elementor-spacer-inner\"><\/div>\n\t\t<\/div>\n\t\t\t\t\t\t<\/div>\n\t\t\t\t<\/div>\n\t\t\t\t\t<\/div>\n\t\t<\/div>\n\t\t\t\t\t<\/div>\n\t\t<\/section>\n\t\t\t\t<\/div>","protected":false},"excerpt":{"rendered":"<p>Virtual tours with high-quality 360-degree photography Our virtual tours are easily added to any website and work on smartphones. We collect all the necessary content on site, and develop web and virtual reality applications to visualize it. 12K resolution, HDR We do not use point-and-shoot cameras: our virtual tours are distinguished by the quality of [&hellip;]<\/p>\n","protected":false},"author":1,"featured_media":7172,"parent":5402,"menu_order":0,"comment_status":"closed","ping_status":"closed","template":"","meta":{"footnotes":""},"class_list":["post-7178","page","type-page","status-publish","has-post-thumbnail","hentry"],"yoast_head":"<!-- This site is optimized with the Yoast SEO plugin v27.5 - https:\/\/yoast.com\/product\/yoast-seo-wordpress\/ -->\n<title>Virtual tours with professional 360-degree photography<\/title>\n<meta name=\"description\" content=\"We create virtual tours compatible with any website and device, based on professional 360-degree photography.\" \/>\n<meta name=\"robots\" content=\"index, follow, max-snippet:-1, max-image-preview:large, max-video-preview:-1\" \/>\n<link rel=\"canonical\" href=\"https:\/\/www.wavefunctionvr.com\/pt\/services\/virtual-tours\/360-photography\/\" \/>\n<meta property=\"og:locale\" content=\"pt_PT\" \/>\n<meta property=\"og:type\" content=\"article\" \/>\n<meta property=\"og:title\" content=\"Virtual tours with professional 360-degree photography\" \/>\n<meta property=\"og:description\" content=\"We create virtual tours compatible with any website and device, based on professional 360-degree photography.\" \/>\n<meta property=\"og:url\" content=\"https:\/\/www.wavefunctionvr.com\/pt\/services\/virtual-tours\/360-photography\/\" \/>\n<meta property=\"og:site_name\" content=\"WaveFunction VR\" \/>\n<meta property=\"article:publisher\" content=\"https:\/\/www.facebook.com\/wavefunction.pt\/\" \/>\n<meta property=\"article:modified_time\" content=\"2021-10-11T02:29:13+00:00\" \/>\n<meta property=\"og:image\" content=\"https:\/\/mlmf3ktkcsex.i.optimole.com\/w:auto\/h:auto\/q:mauto\/f:best\/ig:avif\/https:\/\/www.wavefunctionvr.com\/wp-content\/uploads\/2021\/01\/fotos_360.jpg\" \/>\n\t<meta property=\"og:image:width\" content=\"1446\" \/>\n\t<meta property=\"og:image:height\" content=\"1512\" \/>\n\t<meta property=\"og:image:type\" content=\"image\/jpeg\" \/>\n<meta name=\"twitter:card\" content=\"summary_large_image\" \/>\n<meta name=\"twitter:site\" content=\"@wavefunctionvr\" \/>\n<meta name=\"twitter:label1\" content=\"Tempo estimado de leitura\" \/>\n\t<meta name=\"twitter:data1\" content=\"1 minuto\" \/>\n<script type=\"application\/ld+json\" class=\"yoast-schema-graph\">{\"@context\":\"https:\\\/\\\/schema.org\",\"@graph\":[{\"@type\":\"WebPage\",\"@id\":\"https:\\\/\\\/www.wavefunctionvr.com\\\/services\\\/virtual-tours\\\/360-photography\\\/\",\"url\":\"https:\\\/\\\/www.wavefunctionvr.com\\\/services\\\/virtual-tours\\\/360-photography\\\/\",\"name\":\"Virtual tours with professional 360-degree photography\",\"isPartOf\":{\"@id\":\"https:\\\/\\\/www.wavefunctionvr.com\\\/#website\"},\"primaryImageOfPage\":{\"@id\":\"https:\\\/\\\/www.wavefunctionvr.com\\\/services\\\/virtual-tours\\\/360-photography\\\/#primaryimage\"},\"image\":{\"@id\":\"https:\\\/\\\/www.wavefunctionvr.com\\\/services\\\/virtual-tours\\\/360-photography\\\/#primaryimage\"},\"thumbnailUrl\":\"https:\\/\\/www.wavefunctionvr.com\\/wp-content\\/uploads\\/2021\\/01\\/fotos_360.jpg\",\"datePublished\":\"2021-01-14T23:04:45+00:00\",\"dateModified\":\"2021-10-11T02:29:13+00:00\",\"description\":\"We create virtual tours compatible with any website and device, based on professional 360-degree photography.\",\"breadcrumb\":{\"@id\":\"https:\\\/\\\/www.wavefunctionvr.com\\\/services\\\/virtual-tours\\\/360-photography\\\/#breadcrumb\"},\"inLanguage\":\"pt-PT\",\"potentialAction\":[{\"@type\":\"ReadAction\",\"target\":[\"https:\\\/\\\/www.wavefunctionvr.com\\\/services\\\/virtual-tours\\\/360-photography\\\/\"]}]},{\"@type\":\"ImageObject\",\"inLanguage\":\"pt-PT\",\"@id\":\"https:\\\/\\\/www.wavefunctionvr.com\\\/services\\\/virtual-tours\\\/360-photography\\\/#primaryimage\",\"url\":\"https:\\/\\/www.wavefunctionvr.com\\/wp-content\\/uploads\\/2021\\/01\\/fotos_360.jpg\",\"contentUrl\":\"https:\\/\\/www.wavefunctionvr.com\\/wp-content\\/uploads\\/2021\\/01\\/fotos_360.jpg\",\"width\":1446,\"height\":1512,\"caption\":\"Camara fotogr\u00e1fica junto a piscina infinita\"},{\"@type\":\"BreadcrumbList\",\"@id\":\"https:\\\/\\\/www.wavefunctionvr.com\\\/services\\\/virtual-tours\\\/360-photography\\\/#breadcrumb\",\"itemListElement\":[{\"@type\":\"ListItem\",\"position\":1,\"name\":\"Home\",\"item\":\"https:\\\/\\\/www.wavefunctionvr.com\\\/\"},{\"@type\":\"ListItem\",\"position\":2,\"name\":\"Services\",\"item\":\"https:\\\/\\\/www.wavefunctionvr.com\\\/services\\\/\"},{\"@type\":\"ListItem\",\"position\":3,\"name\":\"Virtual Tours and Reality Capture\",\"item\":\"https:\\\/\\\/www.wavefunctionvr.com\\\/services\\\/virtual-tours\\\/\"},{\"@type\":\"ListItem\",\"position\":4,\"name\":\"360\u00ba Photography Virtual Tours\"}]},{\"@type\":\"WebSite\",\"@id\":\"https:\\\/\\\/www.wavefunctionvr.com\\\/#website\",\"url\":\"https:\\\/\\\/www.wavefunctionvr.com\\\/\",\"name\":\"WaveFunction VR\",\"description\":\"Interactive multiplayer Virtual Reality, immersive content - we create immersive experiences\",\"publisher\":{\"@id\":\"https:\\\/\\\/www.wavefunctionvr.com\\\/#organization\"},\"potentialAction\":[{\"@type\":\"SearchAction\",\"target\":{\"@type\":\"EntryPoint\",\"urlTemplate\":\"https:\\\/\\\/www.wavefunctionvr.com\\\/?s={search_term_string}\"},\"query-input\":{\"@type\":\"PropertyValueSpecification\",\"valueRequired\":true,\"valueName\":\"search_term_string\"}}],\"inLanguage\":\"pt-PT\"},{\"@type\":\"Organization\",\"@id\":\"https:\\\/\\\/www.wavefunctionvr.com\\\/#organization\",\"name\":\"WaveFunction, Lda\",\"url\":\"https:\\\/\\\/www.wavefunctionvr.com\\\/\",\"logo\":{\"@type\":\"ImageObject\",\"inLanguage\":\"pt-PT\",\"@id\":\"https:\\\/\\\/www.wavefunctionvr.com\\\/#\\\/schema\\\/logo\\\/image\\\/\",\"url\":\"https:\\/\\/www.wavefunctionvr.com\\/wp-content\\/uploads\\/2020\\/07\\/FundoTransparenteLogoEscuro.png\",\"contentUrl\":\"https:\\/\\/www.wavefunctionvr.com\\/wp-content\\/uploads\\/2020\\/07\\/FundoTransparenteLogoEscuro.png\",\"width\":2048,\"height\":2048,\"caption\":\"WaveFunction, Lda\"},\"image\":{\"@id\":\"https:\\\/\\\/www.wavefunctionvr.com\\\/#\\\/schema\\\/logo\\\/image\\\/\"},\"sameAs\":[\"https:\\\/\\\/www.facebook.com\\\/wavefunction.pt\\\/\",\"https:\\\/\\\/x.com\\\/wavefunctionvr\",\"https:\\\/\\\/www.instagram.com\\\/wavefunctionvr\\\/\",\"https:\\\/\\\/www.linkedin.com\\\/company\\\/wavefunction-vr\",\"https:\\\/\\\/www.youtube.com\\\/channel\\\/UCYUfCcKJq-L9_1IRtiVX6Ig\"]}]}<\/script>\n<!-- \/ Yoast SEO plugin. -->","yoast_head_json":{"title":"Passeios virtuais com fotografia profissional de 360 graus","description":"Criamos tours virtuais compat\u00edveis com qualquer site e dispositivo, baseados em fotografia profissional 360 graus.","robots":{"index":"index","follow":"follow","max-snippet":"max-snippet:-1","max-image-preview":"max-image-preview:large","max-video-preview":"max-video-preview:-1"},"canonical":"https:\/\/www.wavefunctionvr.com\/pt\/services\/virtual-tours\/360-photography\/","og_locale":"pt_PT","og_type":"article","og_title":"Virtual tours with professional 360-degree photography","og_description":"We create virtual tours compatible with any website and device, based on professional 360-degree photography.","og_url":"https:\/\/www.wavefunctionvr.com\/pt\/services\/virtual-tours\/360-photography\/","og_site_name":"WaveFunction VR","article_publisher":"https:\/\/www.facebook.com\/wavefunction.pt\/","article_modified_time":"2021-10-11T02:29:13+00:00","og_image":[{"width":1446,"height":1512,"url":"https:\/\/mlmf3ktkcsex.i.optimole.com\/w:auto\/h:auto\/q:mauto\/f:best\/ig:avif\/https:\/\/www.wavefunctionvr.com\/wp-content\/uploads\/2021\/01\/fotos_360.jpg","type":"image\/jpeg"}],"twitter_card":"summary_large_image","twitter_site":"@wavefunctionvr","twitter_misc":{"Tempo estimado de leitura":"1 minuto"},"schema":{"@context":"https:\/\/schema.org","@graph":[{"@type":"WebPage","@id":"https:\/\/www.wavefunctionvr.com\/services\/virtual-tours\/360-photography\/","url":"https:\/\/www.wavefunctionvr.com\/services\/virtual-tours\/360-photography\/","name":"Passeios virtuais com fotografia profissional de 360 graus","isPartOf":{"@id":"https:\/\/www.wavefunctionvr.com\/#website"},"primaryImageOfPage":{"@id":"https:\/\/www.wavefunctionvr.com\/services\/virtual-tours\/360-photography\/#primaryimage"},"image":{"@id":"https:\/\/www.wavefunctionvr.com\/services\/virtual-tours\/360-photography\/#primaryimage"},"thumbnailUrl":"https:\/\/mlmf3ktkcsex.i.optimole.com\/w:auto\/h:auto\/q:mauto\/f:best\/ig:avif\/https:\/\/www.wavefunctionvr.com\/wp-content\/uploads\/2021\/01\/fotos_360.jpg","datePublished":"2021-01-14T23:04:45+00:00","dateModified":"2021-10-11T02:29:13+00:00","description":"Criamos tours virtuais compat\u00edveis com qualquer site e dispositivo, baseados em fotografia profissional 360 graus.","breadcrumb":{"@id":"https:\/\/www.wavefunctionvr.com\/services\/virtual-tours\/360-photography\/#breadcrumb"},"inLanguage":"pt-PT","potentialAction":[{"@type":"ReadAction","target":["https:\/\/www.wavefunctionvr.com\/services\/virtual-tours\/360-photography\/"]}]},{"@type":"ImageObject","inLanguage":"pt-PT","@id":"https:\/\/www.wavefunctionvr.com\/services\/virtual-tours\/360-photography\/#primaryimage","url":"https:\/\/mlmf3ktkcsex.i.optimole.com\/w:auto\/h:auto\/q:mauto\/f:best\/ig:avif\/https:\/\/www.wavefunctionvr.com\/wp-content\/uploads\/2021\/01\/fotos_360.jpg","contentUrl":"https:\/\/mlmf3ktkcsex.i.optimole.com\/w:auto\/h:auto\/q:mauto\/f:best\/ig:avif\/https:\/\/www.wavefunctionvr.com\/wp-content\/uploads\/2021\/01\/fotos_360.jpg","width":1446,"height":1512,"caption":"Camara fotogr\u00e1fica junto a piscina infinita"},{"@type":"BreadcrumbList","@id":"https:\/\/www.wavefunctionvr.com\/services\/virtual-tours\/360-photography\/#breadcrumb","itemListElement":[{"@type":"ListItem","position":1,"name":"Home","item":"https:\/\/www.wavefunctionvr.com\/"},{"@type":"ListItem","position":2,"name":"Services","item":"https:\/\/www.wavefunctionvr.com\/services\/"},{"@type":"ListItem","position":3,"name":"Virtual Tours and Reality Capture","item":"https:\/\/www.wavefunctionvr.com\/services\/virtual-tours\/"},{"@type":"ListItem","position":4,"name":"360\u00ba Photography Virtual Tours"}]},{"@type":"WebSite","@id":"https:\/\/www.wavefunctionvr.com\/#website","url":"https:\/\/www.wavefunctionvr.com\/","name":"WaveFunction VR","description":"Realidade Virtual interativa multijogador, conte\u00fado imersivo - criamos experi\u00eancias imersivas","publisher":{"@id":"https:\/\/www.wavefunctionvr.com\/#organization"},"potentialAction":[{"@type":"SearchAction","target":{"@type":"EntryPoint","urlTemplate":"https:\/\/www.wavefunctionvr.com\/?s={search_term_string}"},"query-input":{"@type":"PropertyValueSpecification","valueRequired":true,"valueName":"search_term_string"}}],"inLanguage":"pt-PT"},{"@type":"Organization","@id":"https:\/\/www.wavefunctionvr.com\/#organization","name":"WaveFunction, Lda","url":"https:\/\/www.wavefunctionvr.com\/","logo":{"@type":"ImageObject","inLanguage":"pt-PT","@id":"https:\/\/www.wavefunctionvr.com\/#\/schema\/logo\/image\/","url":"https:\/\/mlmf3ktkcsex.i.optimole.com\/w:auto\/h:auto\/q:mauto\/f:best\/ig:avif\/https:\/\/www.wavefunctionvr.com\/wp-content\/uploads\/2020\/07\/FundoTransparenteLogoEscuro.png","contentUrl":"https:\/\/mlmf3ktkcsex.i.optimole.com\/w:auto\/h:auto\/q:mauto\/f:best\/ig:avif\/https:\/\/www.wavefunctionvr.com\/wp-content\/uploads\/2020\/07\/FundoTransparenteLogoEscuro.png","width":2048,"height":2048,"caption":"WaveFunction, Lda"},"image":{"@id":"https:\/\/www.wavefunctionvr.com\/#\/schema\/logo\/image\/"},"sameAs":["https:\/\/www.facebook.com\/wavefunction.pt\/","https:\/\/x.com\/wavefunctionvr","https:\/\/www.instagram.com\/wavefunctionvr\/","https:\/\/www.linkedin.com\/company\/wavefunction-vr","https:\/\/www.youtube.com\/channel\/UCYUfCcKJq-L9_1IRtiVX6Ig"]}]}},"_links":{"self":[{"href":"https:\/\/www.wavefunctionvr.com\/pt\/wp-json\/wp\/v2\/pages\/7178","targetHints":{"allow":["GET"]}}],"collection":[{"href":"https:\/\/www.wavefunctionvr.com\/pt\/wp-json\/wp\/v2\/pages"}],"about":[{"href":"https:\/\/www.wavefunctionvr.com\/pt\/wp-json\/wp\/v2\/types\/page"}],"author":[{"embeddable":true,"href":"https:\/\/www.wavefunctionvr.com\/pt\/wp-json\/wp\/v2\/users\/1"}],"replies":[{"embeddable":true,"href":"https:\/\/www.wavefunctionvr.com\/pt\/wp-json\/wp\/v2\/comments?post=7178"}],"version-history":[{"count":0,"href":"https:\/\/www.wavefunctionvr.com\/pt\/wp-json\/wp\/v2\/pages\/7178\/revisions"}],"up":[{"embeddable":true,"href":"https:\/\/www.wavefunctionvr.com\/pt\/wp-json\/wp\/v2\/pages\/5402"}],"wp:featuredmedia":[{"embeddable":true,"href":"https:\/\/www.wavefunctionvr.com\/pt\/wp-json\/wp\/v2\/media\/7172"}],"wp:attachment":[{"href":"https:\/\/www.wavefunctionvr.com\/pt\/wp-json\/wp\/v2\/media?parent=7178"}],"curies":[{"name":"wp","href":"https:\/\/api.w.org\/{rel}","templated":true}]}}