{"id":5368,"date":"2020-11-20T15:18:51","date_gmt":"2020-11-20T14:18:51","guid":{"rendered":"https:\/\/www.wavefunctionvr.com\/html\/wordpress\/?page_id=5368"},"modified":"2024-09-23T15:58:18","modified_gmt":"2024-09-23T14:58:18","slug":"services","status":"publish","type":"page","link":"https:\/\/www.wavefunctionvr.com\/es\/services\/","title":{"rendered":"Servicios"},"content":{"rendered":"<div data-elementor-type=\"wp-page\" data-elementor-id=\"5368\" class=\"elementor elementor-5368\" data-elementor-post-type=\"page\">\n\t\t\t\t\t\t<section class=\"elementor-section elementor-top-section elementor-element elementor-element-1d5f32b8 elementor-section-full_width elementor-section-height-default elementor-section-height-default\" data-id=\"1d5f32b8\" data-element_type=\"section\" data-e-type=\"section\" data-settings=\"{&quot;background_background&quot;:&quot;classic&quot;,&quot;shape_divider_bottom&quot;:&quot;opacity-fan&quot;}\">\n\t\t\t\t\t\t\t<div class=\"elementor-background-overlay\"><\/div>\n\t\t\t\t\t\t<div class=\"elementor-shape elementor-shape-bottom\" aria-hidden=\"true\" data-negative=\"false\">\n\t\t\t<svg xmlns=\"http:\/\/www.w3.org\/2000\/svg\" viewbox=\"0 0 283.5 19.6\" preserveaspectratio=\"none\">\n\t<path class=\"elementor-shape-fill\" style=\"opacity:0.33\" d=\"M0 0L0 18.8 141.8 4.1 283.5 18.8 283.5 0z\"\/>\n\t<path class=\"elementor-shape-fill\" style=\"opacity:0.33\" d=\"M0 0L0 12.6 141.8 4 283.5 12.6 283.5 0z\"\/>\n\t<path class=\"elementor-shape-fill\" style=\"opacity:0.33\" d=\"M0 0L0 6.4 141.8 4 283.5 6.4 283.5 0z\"\/>\n\t<path class=\"elementor-shape-fill\" d=\"M0 0L0 1.2 141.8 4 283.5 1.2 283.5 0z\"\/>\n<\/svg>\t\t<\/div>\n\t\t\t\t\t<div class=\"elementor-container elementor-column-gap-default\">\n\t\t\t\t\t<div class=\"elementor-column elementor-col-100 elementor-top-column elementor-element elementor-element-5d965f5\" data-id=\"5d965f5\" data-element_type=\"column\" data-e-type=\"column\">\n\t\t\t<div class=\"elementor-widget-wrap elementor-element-populated\">\n\t\t\t\t\t\t<section class=\"elementor-section elementor-inner-section elementor-element elementor-element-aebe37c elementor-section-boxed elementor-section-height-default elementor-section-height-default\" data-id=\"aebe37c\" data-element_type=\"section\" data-e-type=\"section\">\n\t\t\t\t\t\t<div class=\"elementor-container elementor-column-gap-default\">\n\t\t\t\t\t<div class=\"elementor-column elementor-col-100 elementor-inner-column elementor-element elementor-element-0376e76\" data-id=\"0376e76\" data-element_type=\"column\" data-e-type=\"column\">\n\t\t\t<div class=\"elementor-widget-wrap elementor-element-populated\">\n\t\t\t\t\t\t<div class=\"elementor-element elementor-element-97f670b elementor-invisible elementor-widget elementor-widget-heading\" data-id=\"97f670b\" data-element_type=\"widget\" data-e-type=\"widget\" data-settings=\"{&quot;_animation&quot;:&quot;fadeIn&quot;}\" data-widget_type=\"heading.default\">\n\t\t\t\t<div class=\"elementor-widget-container\">\n\t\t\t\t\t<h1 class=\"elementor-heading-title elementor-size-xxl\">Lo que hacemos, lo hacemos bien.<\/h1>\t\t\t\t<\/div>\n\t\t\t\t<\/div>\n\t\t\t\t\t<\/div>\n\t\t<\/div>\n\t\t\t\t\t<\/div>\n\t\t<\/section>\n\t\t\t\t\t<\/div>\n\t\t<\/div>\n\t\t\t\t\t<\/div>\n\t\t<\/section>\n\t\t\t\t<section class=\"elementor-section elementor-top-section elementor-element elementor-element-b8ee2f5 elementor-section-boxed elementor-section-height-default elementor-section-height-default\" data-id=\"b8ee2f5\" data-element_type=\"section\" data-e-type=\"section\" data-settings=\"{&quot;background_background&quot;:&quot;classic&quot;}\">\n\t\t\t\t\t\t<div class=\"elementor-container elementor-column-gap-default\">\n\t\t\t\t\t<div class=\"elementor-column elementor-col-100 elementor-top-column elementor-element elementor-element-eeb81df\" data-id=\"eeb81df\" data-element_type=\"column\" data-e-type=\"column\">\n\t\t\t<div class=\"elementor-widget-wrap elementor-element-populated\">\n\t\t\t\t\t\t<div class=\"elementor-element elementor-element-b596258 elementor-widget elementor-widget-text-editor\" data-id=\"b596258\" data-element_type=\"widget\" data-e-type=\"widget\" data-widget_type=\"text-editor.default\">\n\t\t\t\t<div class=\"elementor-widget-container\">\n\t\t\t\t\t\t\t\t\t<h6>En Wavefunction VR nos dedicamos a brindar experiencias de realidad virtual innovadoras y de alta calidad. Estamos comprometidos a entregar resultados excepcionales para todos y cada uno de los proyectos. Utilizamos las \u00faltimas tecnolog\u00edas y t\u00e9cnicas de realidad virtual para garantizar una experiencia de primer nivel para nuestros clientes. Cont\u00e1ctenos hoy para obtener m\u00e1s informaci\u00f3n sobre nuestros servicios y c\u00f3mo podemos ayudarle a hacer realidad sus ideas en realidad virtual. Nuestro talentoso equipo se especializa en una variedad de servicios relacionados con la realidad virtual, que incluyen:<\/h6>\t\t\t\t\t\t\t\t<\/div>\n\t\t\t\t<\/div>\n\t\t\t\t\t<\/div>\n\t\t<\/div>\n\t\t\t\t\t<\/div>\n\t\t<\/section>\n\t\t\t\t<section class=\"elementor-section elementor-top-section elementor-element elementor-element-a317917 elementor-section-boxed elementor-section-height-default elementor-section-height-default\" data-id=\"a317917\" data-element_type=\"section\" data-e-type=\"section\" data-settings=\"{&quot;background_background&quot;:&quot;classic&quot;}\">\n\t\t\t\t\t\t<div class=\"elementor-container elementor-column-gap-default\">\n\t\t\t\t\t<div class=\"elementor-column elementor-col-50 elementor-top-column elementor-element elementor-element-3545548\" data-id=\"3545548\" data-element_type=\"column\" data-e-type=\"column\">\n\t\t\t<div class=\"elementor-widget-wrap elementor-element-populated\">\n\t\t\t\t\t\t<div class=\"elementor-element elementor-element-0f49bf3 elementor-flip-box--effect-fade card elementor-widget elementor-widget-flip-box\" data-id=\"0f49bf3\" data-element_type=\"widget\" data-e-type=\"widget\" data-widget_type=\"flip-box.default\">\n\t\t\t\t<div class=\"elementor-widget-container\">\n\t\t\t\t\t\t\t<div class=\"elementor-flip-box\" tabindex=\"0\">\n\t\t\t<div class=\"elementor-flip-box__layer elementor-flip-box__front\">\n\t\t\t\t<div class=\"elementor-flip-box__layer__overlay\">\n\t\t\t\t\t<div class=\"elementor-flip-box__layer__inner\">\n\t\t\t\t\t\t\n\t\t\t\t\t\t\n\t\t\t\t\t\t\t\t\t\t\t<\/div>\n\t\t\t\t<\/div>\n\t\t\t<\/div>\n\t\t\t<a class=\"elementor-flip-box__layer elementor-flip-box__back\" href=\"https:\/\/www.wavefunctionvr.com\/es\/services\/immersive-virtual-reality\/\">\n\t\t\t<div class=\"elementor-flip-box__layer__overlay\">\n\t\t\t\t<div class=\"elementor-flip-box__layer__inner\">\n\t\t\t\t\t\t\t\t\t\t\t<h3 class=\"elementor-flip-box__layer__title\">\n\t\t\t\t\t\t\t<b>REALIDAD VIRTUAL INMERSIVA<\/b>\t\t\t\t\t\t<\/h3>\n\t\t\t\t\t\n\t\t\t\t\t\n\t\t\t\t\t\t\t\t<\/div>\n\t\t<\/div>\n\t\t<\/a>\n\t\t<\/div>\n\t\t\t\t\t\t<\/div>\n\t\t\t\t<\/div>\n\t\t\t\t<div class=\"elementor-element elementor-element-c60fbb4 elementor-widget elementor-widget-text-editor\" data-id=\"c60fbb4\" data-element_type=\"widget\" data-e-type=\"widget\" data-widget_type=\"text-editor.default\">\n\t\t\t\t<div class=\"elementor-widget-container\">\n\t\t\t\t\t\t\t\t\t<p><span style=\"color: #ffffff;\">Proyectos de realidad virtual: sumerja a su audiencia en entornos completamente virtuales  con nuestros proyectos de realidad virtual.<\/span><\/p>\t\t\t\t\t\t\t\t<\/div>\n\t\t\t\t<\/div>\n\t\t\t\t\t<\/div>\n\t\t<\/div>\n\t\t\t\t<div class=\"elementor-column elementor-col-50 elementor-top-column elementor-element elementor-element-a881a15\" data-id=\"a881a15\" data-element_type=\"column\" data-e-type=\"column\">\n\t\t\t<div class=\"elementor-widget-wrap elementor-element-populated\">\n\t\t\t\t\t\t<div class=\"elementor-element elementor-element-dbae3cb elementor-flip-box--effect-fade card elementor-widget elementor-widget-flip-box\" data-id=\"dbae3cb\" data-element_type=\"widget\" data-e-type=\"widget\" data-widget_type=\"flip-box.default\">\n\t\t\t\t<div class=\"elementor-widget-container\">\n\t\t\t\t\t\t\t<div class=\"elementor-flip-box\" tabindex=\"0\">\n\t\t\t<div class=\"elementor-flip-box__layer elementor-flip-box__front\">\n\t\t\t\t<div class=\"elementor-flip-box__layer__overlay\">\n\t\t\t\t\t<div class=\"elementor-flip-box__layer__inner\">\n\t\t\t\t\t\t\n\t\t\t\t\t\t\n\t\t\t\t\t\t\t\t\t\t\t<\/div>\n\t\t\t\t<\/div>\n\t\t\t<\/div>\n\t\t\t<a class=\"elementor-flip-box__layer elementor-flip-box__back\" href=\"https:\/\/www.wavefunctionvr.com\/es\/services\/augmented-reality\/\">\n\t\t\t<div class=\"elementor-flip-box__layer__overlay\">\n\t\t\t\t<div class=\"elementor-flip-box__layer__inner\">\n\t\t\t\t\t\t\t\t\t\t\t<h3 class=\"elementor-flip-box__layer__title\">\n\t\t\t\t\t\t\t<b>REALIDAD AUMENTADA<\/b>\t\t\t\t\t\t<\/h3>\n\t\t\t\t\t\n\t\t\t\t\t\n\t\t\t\t\t\t\t\t<\/div>\n\t\t<\/div>\n\t\t<\/a>\n\t\t<\/div>\n\t\t\t\t\t\t<\/div>\n\t\t\t\t<\/div>\n\t\t\t\t<div class=\"elementor-element elementor-element-808dd96 elementor-widget elementor-widget-text-editor\" data-id=\"808dd96\" data-element_type=\"widget\" data-e-type=\"widget\" data-widget_type=\"text-editor.default\">\n\t\t\t\t<div class=\"elementor-widget-container\">\n\t\t\t\t\t\t\t\t\t<p><span style=\"color: #ffffff;\">Soluciones de realidad aumentada: mejore sus espacios f\u00edsicos combinando el mundo real con informaci\u00f3n digital utilizando nuestros servicios AR.<\/span><\/p>\t\t\t\t\t\t\t\t<\/div>\n\t\t\t\t<\/div>\n\t\t\t\t\t<\/div>\n\t\t<\/div>\n\t\t\t\t\t<\/div>\n\t\t<\/section>\n\t\t\t\t<section class=\"elementor-section elementor-top-section elementor-element elementor-element-da8ea83 elementor-section-boxed elementor-section-height-default elementor-section-height-default\" data-id=\"da8ea83\" data-element_type=\"section\" data-e-type=\"section\" data-settings=\"{&quot;background_background&quot;:&quot;classic&quot;}\">\n\t\t\t\t\t\t<div class=\"elementor-container elementor-column-gap-default\">\n\t\t\t\t\t<div class=\"elementor-column elementor-col-50 elementor-top-column elementor-element elementor-element-fc97f97\" data-id=\"fc97f97\" data-element_type=\"column\" data-e-type=\"column\">\n\t\t\t<div class=\"elementor-widget-wrap elementor-element-populated\">\n\t\t\t\t\t\t<div class=\"elementor-element elementor-element-5aec3b3 elementor-flip-box--effect-fade card elementor-widget elementor-widget-flip-box\" data-id=\"5aec3b3\" data-element_type=\"widget\" data-e-type=\"widget\" data-widget_type=\"flip-box.default\">\n\t\t\t\t<div class=\"elementor-widget-container\">\n\t\t\t\t\t\t\t<div class=\"elementor-flip-box\" tabindex=\"0\">\n\t\t\t<div class=\"elementor-flip-box__layer elementor-flip-box__front\">\n\t\t\t\t<div class=\"elementor-flip-box__layer__overlay\">\n\t\t\t\t\t<div class=\"elementor-flip-box__layer__inner\">\n\t\t\t\t\t\t\n\t\t\t\t\t\t\n\t\t\t\t\t\t\t\t\t\t\t<\/div>\n\t\t\t\t<\/div>\n\t\t\t<\/div>\n\t\t\t<a class=\"elementor-flip-box__layer elementor-flip-box__back\" href=\"https:\/\/www.wavefunctionvr.com\/es\/services\/3d-modeling-rendering\/\">\n\t\t\t<div class=\"elementor-flip-box__layer__overlay\">\n\t\t\t\t<div class=\"elementor-flip-box__layer__inner\">\n\t\t\t\t\t\t\t\t\t\t\t<h3 class=\"elementor-flip-box__layer__title\">\n\t\t\t\t\t\t\t<b>MODELADO Y RENDERIZADO 3D<\/b>\t\t\t\t\t\t<\/h3>\n\t\t\t\t\t\n\t\t\t\t\t\n\t\t\t\t\t\t\t\t<\/div>\n\t\t<\/div>\n\t\t<\/a>\n\t\t<\/div>\n\t\t\t\t\t\t<\/div>\n\t\t\t\t<\/div>\n\t\t\t\t<div class=\"elementor-element elementor-element-ba388ac elementor-widget elementor-widget-text-editor\" data-id=\"ba388ac\" data-element_type=\"widget\" data-e-type=\"widget\" data-widget_type=\"text-editor.default\">\n\t\t\t\t<div class=\"elementor-widget-container\">\n\t\t\t\t\t\t\t\t\t<p><span style=\"color: #ffffff;\">Modelado y renderizado 3D: haga realidad su visi\u00f3n con nuestros servicios profesionales de modelado y renderizado 3D.<\/span><\/p>\t\t\t\t\t\t\t\t<\/div>\n\t\t\t\t<\/div>\n\t\t\t\t\t<\/div>\n\t\t<\/div>\n\t\t\t\t<div class=\"elementor-column elementor-col-50 elementor-top-column elementor-element elementor-element-64a2669\" data-id=\"64a2669\" data-element_type=\"column\" data-e-type=\"column\">\n\t\t\t<div class=\"elementor-widget-wrap elementor-element-populated\">\n\t\t\t\t\t\t<div class=\"elementor-element elementor-element-0f3aedc elementor-flip-box--effect-fade card elementor-widget elementor-widget-flip-box\" data-id=\"0f3aedc\" data-element_type=\"widget\" data-e-type=\"widget\" data-widget_type=\"flip-box.default\">\n\t\t\t\t<div class=\"elementor-widget-container\">\n\t\t\t\t\t\t\t<div class=\"elementor-flip-box\" tabindex=\"0\">\n\t\t\t<div class=\"elementor-flip-box__layer elementor-flip-box__front\">\n\t\t\t\t<div class=\"elementor-flip-box__layer__overlay\">\n\t\t\t\t\t<div class=\"elementor-flip-box__layer__inner\">\n\t\t\t\t\t\t\n\t\t\t\t\t\t\n\t\t\t\t\t\t\t\t\t\t\t<\/div>\n\t\t\t\t<\/div>\n\t\t\t<\/div>\n\t\t\t<a class=\"elementor-flip-box__layer elementor-flip-box__back\" href=\"https:\/\/www.wavefunctionvr.com\/es\/services\/interactive-maps\/\">\n\t\t\t<div class=\"elementor-flip-box__layer__overlay\">\n\t\t\t\t<div class=\"elementor-flip-box__layer__inner\">\n\t\t\t\t\t\t\t\t\t\t\t<h3 class=\"elementor-flip-box__layer__title\">\n\t\t\t\t\t\t\t<b>MAPAS INTERACTIVOS<\/b>\t\t\t\t\t\t<\/h3>\n\t\t\t\t\t\n\t\t\t\t\t\n\t\t\t\t\t\t\t\t<\/div>\n\t\t<\/div>\n\t\t<\/a>\n\t\t<\/div>\n\t\t\t\t\t\t<\/div>\n\t\t\t\t<\/div>\n\t\t\t\t<div class=\"elementor-element elementor-element-63e2402 elementor-widget elementor-widget-text-editor\" data-id=\"63e2402\" data-element_type=\"widget\" data-e-type=\"widget\" data-widget_type=\"text-editor.default\">\n\t\t\t\t<div class=\"elementor-widget-container\">\n\t\t\t\t\t\t\t\t\t<p><span style=\"color: #ffffff;\">Mapas interactivos: haga que sus mapas cobren vida con nuestras soluciones de mapas 3D din\u00e1micas e interactivas.<\/span><\/p>\t\t\t\t\t\t\t\t<\/div>\n\t\t\t\t<\/div>\n\t\t\t\t\t<\/div>\n\t\t<\/div>\n\t\t\t\t\t<\/div>\n\t\t<\/section>\n\t\t\t\t<\/div>","protected":false},"excerpt":{"rendered":"<p>What we do, we do well. At Wavefunction VR we are dedicated to providing innovative and high-quality virtual reality experiences. We are committed to delivering exceptional results for each and every project. We use the latest VR technologies and techniques to ensure a top-notch experience for our clients. Contact us today to learn more about [&hellip;]<\/p>\n","protected":false},"author":1,"featured_media":4530,"parent":0,"menu_order":5,"comment_status":"closed","ping_status":"closed","template":"","meta":{"footnotes":""},"class_list":["post-5368","page","type-page","status-publish","has-post-thumbnail","hentry"],"yoast_head":"<!-- This site is optimized with the Yoast SEO plugin v27.5 - https:\/\/yoast.com\/product\/yoast-seo-wordpress\/ -->\n<title>Virtual and Augmented Reality Development Services<\/title>\n<meta name=\"description\" content=\"Immersive virtual reality, virtual tours, augmented reality, 3D modeling and rendering, interactive maps.\" \/>\n<meta name=\"robots\" content=\"index, follow, max-snippet:-1, max-image-preview:large, max-video-preview:-1\" \/>\n<link rel=\"canonical\" href=\"https:\/\/www.wavefunctionvr.com\/es\/services\/\" \/>\n<meta property=\"og:locale\" content=\"es_ES\" \/>\n<meta property=\"og:type\" content=\"article\" \/>\n<meta property=\"og:title\" content=\"Virtual and Augmented Reality Development Services\" \/>\n<meta property=\"og:description\" content=\"Immersive virtual reality, virtual tours, augmented reality, 3D modeling and rendering, interactive maps.\" \/>\n<meta property=\"og:url\" content=\"https:\/\/www.wavefunctionvr.com\/es\/services\/\" \/>\n<meta property=\"og:site_name\" content=\"WaveFunction VR\" \/>\n<meta property=\"article:publisher\" content=\"https:\/\/www.facebook.com\/wavefunction.pt\/\" \/>\n<meta property=\"article:modified_time\" content=\"2024-09-23T14:58:18+00:00\" \/>\n<meta property=\"og:image\" content=\"https:\/\/mlmf3ktkcsex.i.optimole.com\/w:auto\/h:auto\/q:mauto\/f:best\/ig:avif\/https:\/\/www.wavefunctionvr.com\/wp-content\/uploads\/2020\/08\/realidade-virtual-wavefunction-scaled.jpg\" \/>\n\t<meta property=\"og:image:width\" content=\"2048\" \/>\n\t<meta property=\"og:image:height\" content=\"1536\" \/>\n\t<meta property=\"og:image:type\" content=\"image\/jpeg\" \/>\n<meta name=\"twitter:card\" content=\"summary_large_image\" \/>\n<meta name=\"twitter:site\" content=\"@wavefunctionvr\" \/>\n<meta name=\"twitter:label1\" content=\"Tiempo de lectura\" \/>\n\t<meta name=\"twitter:data1\" content=\"1 minuto\" \/>\n<script type=\"application\/ld+json\" class=\"yoast-schema-graph\">{\"@context\":\"https:\\\/\\\/schema.org\",\"@graph\":[{\"@type\":\"WebPage\",\"@id\":\"https:\\\/\\\/www.wavefunctionvr.com\\\/services\\\/\",\"url\":\"https:\\\/\\\/www.wavefunctionvr.com\\\/services\\\/\",\"name\":\"Virtual and Augmented Reality Development Services\",\"isPartOf\":{\"@id\":\"https:\\\/\\\/www.wavefunctionvr.com\\\/#website\"},\"primaryImageOfPage\":{\"@id\":\"https:\\\/\\\/www.wavefunctionvr.com\\\/services\\\/#primaryimage\"},\"image\":{\"@id\":\"https:\\\/\\\/www.wavefunctionvr.com\\\/services\\\/#primaryimage\"},\"thumbnailUrl\":\"https:\\/\\/www.wavefunctionvr.com\\/wp-content\\/uploads\\/2020\\/08\\/realidade-virtual-wavefunction-scaled.jpg\",\"datePublished\":\"2020-11-20T14:18:51+00:00\",\"dateModified\":\"2024-09-23T14:58:18+00:00\",\"description\":\"Immersive virtual reality, virtual tours, augmented reality, 3D modeling and rendering, interactive maps.\",\"breadcrumb\":{\"@id\":\"https:\\\/\\\/www.wavefunctionvr.com\\\/services\\\/#breadcrumb\"},\"inLanguage\":\"es\",\"potentialAction\":[{\"@type\":\"ReadAction\",\"target\":[\"https:\\\/\\\/www.wavefunctionvr.com\\\/services\\\/\"]}]},{\"@type\":\"ImageObject\",\"inLanguage\":\"es\",\"@id\":\"https:\\\/\\\/www.wavefunctionvr.com\\\/services\\\/#primaryimage\",\"url\":\"https:\\/\\/www.wavefunctionvr.com\\/wp-content\\/uploads\\/2020\\/08\\/realidade-virtual-wavefunction-scaled.jpg\",\"contentUrl\":\"https:\\/\\/www.wavefunctionvr.com\\/wp-content\\/uploads\\/2020\\/08\\/realidade-virtual-wavefunction-scaled.jpg\",\"width\":2048,\"height\":1536},{\"@type\":\"BreadcrumbList\",\"@id\":\"https:\\\/\\\/www.wavefunctionvr.com\\\/services\\\/#breadcrumb\",\"itemListElement\":[{\"@type\":\"ListItem\",\"position\":1,\"name\":\"Home\",\"item\":\"https:\\\/\\\/www.wavefunctionvr.com\\\/\"},{\"@type\":\"ListItem\",\"position\":2,\"name\":\"Services\"}]},{\"@type\":\"WebSite\",\"@id\":\"https:\\\/\\\/www.wavefunctionvr.com\\\/#website\",\"url\":\"https:\\\/\\\/www.wavefunctionvr.com\\\/\",\"name\":\"WaveFunction VR\",\"description\":\"Interactive multiplayer Virtual Reality, immersive content - we create immersive experiences\",\"publisher\":{\"@id\":\"https:\\\/\\\/www.wavefunctionvr.com\\\/#organization\"},\"potentialAction\":[{\"@type\":\"SearchAction\",\"target\":{\"@type\":\"EntryPoint\",\"urlTemplate\":\"https:\\\/\\\/www.wavefunctionvr.com\\\/?s={search_term_string}\"},\"query-input\":{\"@type\":\"PropertyValueSpecification\",\"valueRequired\":true,\"valueName\":\"search_term_string\"}}],\"inLanguage\":\"es\"},{\"@type\":\"Organization\",\"@id\":\"https:\\\/\\\/www.wavefunctionvr.com\\\/#organization\",\"name\":\"WaveFunction, Lda\",\"url\":\"https:\\\/\\\/www.wavefunctionvr.com\\\/\",\"logo\":{\"@type\":\"ImageObject\",\"inLanguage\":\"es\",\"@id\":\"https:\\\/\\\/www.wavefunctionvr.com\\\/#\\\/schema\\\/logo\\\/image\\\/\",\"url\":\"https:\\/\\/www.wavefunctionvr.com\\/wp-content\\/uploads\\/2020\\/07\\/FundoTransparenteLogoEscuro.png\",\"contentUrl\":\"https:\\/\\/www.wavefunctionvr.com\\/wp-content\\/uploads\\/2020\\/07\\/FundoTransparenteLogoEscuro.png\",\"width\":2048,\"height\":2048,\"caption\":\"WaveFunction, Lda\"},\"image\":{\"@id\":\"https:\\\/\\\/www.wavefunctionvr.com\\\/#\\\/schema\\\/logo\\\/image\\\/\"},\"sameAs\":[\"https:\\\/\\\/www.facebook.com\\\/wavefunction.pt\\\/\",\"https:\\\/\\\/x.com\\\/wavefunctionvr\",\"https:\\\/\\\/www.instagram.com\\\/wavefunctionvr\\\/\",\"https:\\\/\\\/www.linkedin.com\\\/company\\\/wavefunction-vr\",\"https:\\\/\\\/www.youtube.com\\\/channel\\\/UCYUfCcKJq-L9_1IRtiVX6Ig\"]}]}<\/script>\n<!-- \/ Yoast SEO plugin. -->","yoast_head_json":{"title":"Servicios de desarrollo de realidad virtual y aumentada","description":"Realidad virtual inmersiva, recorridos virtuales, realidad aumentada, modelado y renderizado 3D, mapas interactivos.","robots":{"index":"index","follow":"follow","max-snippet":"max-snippet:-1","max-image-preview":"max-image-preview:large","max-video-preview":"max-video-preview:-1"},"canonical":"https:\/\/www.wavefunctionvr.com\/es\/services\/","og_locale":"es_ES","og_type":"article","og_title":"Virtual and Augmented Reality Development Services","og_description":"Immersive virtual reality, virtual tours, augmented reality, 3D modeling and rendering, interactive maps.","og_url":"https:\/\/www.wavefunctionvr.com\/es\/services\/","og_site_name":"WaveFunction VR","article_publisher":"https:\/\/www.facebook.com\/wavefunction.pt\/","article_modified_time":"2024-09-23T14:58:18+00:00","og_image":[{"width":2048,"height":1536,"url":"https:\/\/mlmf3ktkcsex.i.optimole.com\/w:auto\/h:auto\/q:mauto\/f:best\/ig:avif\/https:\/\/www.wavefunctionvr.com\/wp-content\/uploads\/2020\/08\/realidade-virtual-wavefunction-scaled.jpg","type":"image\/jpeg"}],"twitter_card":"summary_large_image","twitter_site":"@wavefunctionvr","twitter_misc":{"Tiempo de lectura":"1 minuto"},"schema":{"@context":"https:\/\/schema.org","@graph":[{"@type":"WebPage","@id":"https:\/\/www.wavefunctionvr.com\/services\/","url":"https:\/\/www.wavefunctionvr.com\/services\/","name":"Servicios de desarrollo de realidad virtual y aumentada","isPartOf":{"@id":"https:\/\/www.wavefunctionvr.com\/#website"},"primaryImageOfPage":{"@id":"https:\/\/www.wavefunctionvr.com\/services\/#primaryimage"},"image":{"@id":"https:\/\/www.wavefunctionvr.com\/services\/#primaryimage"},"thumbnailUrl":"https:\/\/mlmf3ktkcsex.i.optimole.com\/w:auto\/h:auto\/q:mauto\/f:best\/ig:avif\/https:\/\/www.wavefunctionvr.com\/wp-content\/uploads\/2020\/08\/realidade-virtual-wavefunction-scaled.jpg","datePublished":"2020-11-20T14:18:51+00:00","dateModified":"2024-09-23T14:58:18+00:00","description":"Realidad virtual inmersiva, recorridos virtuales, realidad aumentada, modelado y renderizado 3D, mapas interactivos.","breadcrumb":{"@id":"https:\/\/www.wavefunctionvr.com\/services\/#breadcrumb"},"inLanguage":"es","potentialAction":[{"@type":"ReadAction","target":["https:\/\/www.wavefunctionvr.com\/services\/"]}]},{"@type":"ImageObject","inLanguage":"es","@id":"https:\/\/www.wavefunctionvr.com\/services\/#primaryimage","url":"https:\/\/mlmf3ktkcsex.i.optimole.com\/w:auto\/h:auto\/q:mauto\/f:best\/ig:avif\/https:\/\/www.wavefunctionvr.com\/wp-content\/uploads\/2020\/08\/realidade-virtual-wavefunction-scaled.jpg","contentUrl":"https:\/\/mlmf3ktkcsex.i.optimole.com\/w:auto\/h:auto\/q:mauto\/f:best\/ig:avif\/https:\/\/www.wavefunctionvr.com\/wp-content\/uploads\/2020\/08\/realidade-virtual-wavefunction-scaled.jpg","width":2048,"height":1536},{"@type":"BreadcrumbList","@id":"https:\/\/www.wavefunctionvr.com\/services\/#breadcrumb","itemListElement":[{"@type":"ListItem","position":1,"name":"Home","item":"https:\/\/www.wavefunctionvr.com\/"},{"@type":"ListItem","position":2,"name":"Services"}]},{"@type":"WebSite","@id":"https:\/\/www.wavefunctionvr.com\/#website","url":"https:\/\/www.wavefunctionvr.com\/","name":"WaveFunction VR","description":"Realidad Virtual multijugador interactiva, contenido inmersivo: creamos experiencias inmersivas","publisher":{"@id":"https:\/\/www.wavefunctionvr.com\/#organization"},"potentialAction":[{"@type":"SearchAction","target":{"@type":"EntryPoint","urlTemplate":"https:\/\/www.wavefunctionvr.com\/?s={search_term_string}"},"query-input":{"@type":"PropertyValueSpecification","valueRequired":true,"valueName":"search_term_string"}}],"inLanguage":"es"},{"@type":"Organization","@id":"https:\/\/www.wavefunctionvr.com\/#organization","name":"WaveFunction, Lda","url":"https:\/\/www.wavefunctionvr.com\/","logo":{"@type":"ImageObject","inLanguage":"es","@id":"https:\/\/www.wavefunctionvr.com\/#\/schema\/logo\/image\/","url":"https:\/\/mlmf3ktkcsex.i.optimole.com\/w:auto\/h:auto\/q:mauto\/f:best\/ig:avif\/https:\/\/www.wavefunctionvr.com\/wp-content\/uploads\/2020\/07\/FundoTransparenteLogoEscuro.png","contentUrl":"https:\/\/mlmf3ktkcsex.i.optimole.com\/w:auto\/h:auto\/q:mauto\/f:best\/ig:avif\/https:\/\/www.wavefunctionvr.com\/wp-content\/uploads\/2020\/07\/FundoTransparenteLogoEscuro.png","width":2048,"height":2048,"caption":"WaveFunction, Lda"},"image":{"@id":"https:\/\/www.wavefunctionvr.com\/#\/schema\/logo\/image\/"},"sameAs":["https:\/\/www.facebook.com\/wavefunction.pt\/","https:\/\/x.com\/wavefunctionvr","https:\/\/www.instagram.com\/wavefunctionvr\/","https:\/\/www.linkedin.com\/company\/wavefunction-vr","https:\/\/www.youtube.com\/channel\/UCYUfCcKJq-L9_1IRtiVX6Ig"]}]}},"_links":{"self":[{"href":"https:\/\/www.wavefunctionvr.com\/es\/wp-json\/wp\/v2\/pages\/5368","targetHints":{"allow":["GET"]}}],"collection":[{"href":"https:\/\/www.wavefunctionvr.com\/es\/wp-json\/wp\/v2\/pages"}],"about":[{"href":"https:\/\/www.wavefunctionvr.com\/es\/wp-json\/wp\/v2\/types\/page"}],"author":[{"embeddable":true,"href":"https:\/\/www.wavefunctionvr.com\/es\/wp-json\/wp\/v2\/users\/1"}],"replies":[{"embeddable":true,"href":"https:\/\/www.wavefunctionvr.com\/es\/wp-json\/wp\/v2\/comments?post=5368"}],"version-history":[{"count":3,"href":"https:\/\/www.wavefunctionvr.com\/es\/wp-json\/wp\/v2\/pages\/5368\/revisions"}],"predecessor-version":[{"id":13986,"href":"https:\/\/www.wavefunctionvr.com\/es\/wp-json\/wp\/v2\/pages\/5368\/revisions\/13986"}],"wp:featuredmedia":[{"embeddable":true,"href":"https:\/\/www.wavefunctionvr.com\/es\/wp-json\/wp\/v2\/media\/4530"}],"wp:attachment":[{"href":"https:\/\/www.wavefunctionvr.com\/es\/wp-json\/wp\/v2\/media?parent=5368"}],"curies":[{"name":"gracias","href":"https:\/\/api.w.org\/{rel}","templated":true}]}}